{"id":147,"date":"2024-04-05T11:08:12","date_gmt":"2024-04-05T11:08:12","guid":{"rendered":"https:\/\/shadowdigital.es\/divapiscinas\/?post_type=product&#038;p=147"},"modified":"2025-06-02T09:14:33","modified_gmt":"2025-06-02T09:14:33","slug":"diva-grace","status":"publish","type":"product","link":"https:\/\/shadowdigital.es\/divapiscinas\/producto\/diva-grace\/","title":{"rendered":"Diva Grace"},"content":{"rendered":"<div id=\"descripcion\" class=\"elementor-element elementor-element-71deebf titulo style-a size-2 elementor-widget elementor-widget-heading\" data-id=\"71deebf\" data-element_type=\"widget\" data-widget_type=\"heading.default\">\n<div class=\"elementor-widget-container\">\n<h2 class=\"elementor-heading-title elementor-size-default\">Descripci\u00f3n de la piscina peque\u00f1a<\/h2>\n<\/div>\n<\/div>\n<section class=\"elementor-section elementor-inner-section elementor-element elementor-element-3481222 elementor-section-full_width elementor-section-height-default elementor-section-height-default\" data-id=\"3481222\" data-element_type=\"section\">\n<div class=\"elementor-container elementor-column-gap-no\">\n<div class=\"elementor-row\">\n<div class=\"elementor-column elementor-col-50 elementor-inner-column elementor-element elementor-element-47bc765\" data-id=\"47bc765\" data-element_type=\"column\">\n<div class=\"elementor-column-wrap elementor-element-populated\">\n<div class=\"elementor-widget-wrap\">\n<div class=\"elementor-element elementor-element-6adc690 config-text articulo elementor-widget elementor-widget-shortcode\" data-id=\"6adc690\" data-element_type=\"widget\" data-widget_type=\"shortcode.default\">\n<div class=\"elementor-widget-container\">\n<div class=\"elementor-shortcode\">\n<div class=\"config-text articulo\">\n<p>Por un lado, esta <strong>piscina prefabricada peque\u00f1a<\/strong> le maravillar\u00e1 por la elegancia y sencillez de sus l\u00edneas. Sin embargo, existen m\u00e1s razones que le conducir\u00e1n a escoger este modelo de piscina.<\/p>\n<h3>Piscina peque\u00f1a y funcional<\/h3>\n<p>Todo ha sido pensado para aprovechar al m\u00e1ximo el espacio \u00fatil de esta <strong>piscina rectangular peque\u00f1a<\/strong>. Con tan solo 2,50 metros de ancho, cabe perfectamente en espacios reducidos como un jard\u00edn estrecho. Adem\u00e1s, integra una escalera de acceso en una esquina para dejar toda su longitud disponible para el ba\u00f1o.<\/p>\n<h3>Profundidad adaptada<\/h3>\n<p>Este modelo de piscina peque\u00f1a es en el candidato ideal si no se puede (o no desea) escavar el terreno. En efecto, sus 122 centimetros de profundidad la convierten en una piscina autoportante de primera elecci\u00f3n si solo dispone de un \u00e1tico, una azotea o una terraza.<\/p>\n<h3>Comodidad y seguridad<\/h3>\n<p>El dise\u00f1o de esta <strong>piscina rectangular peque\u00f1a<\/strong> incorpora un pelda\u00f1o en una de sus extremidades para permitir la salida sin volver por las escaleras. Por otra parte, su fondo plano y profundidad reducida permiten que hasta los m\u00e1s peque\u00f1os puedan tener pie en cualquier parte de la piscina.<\/p>\n<h3>Precio final: A consultar<\/h3>\n<p>Si deseas tener tu piscina instalada para una fecha determinada necesitamos una se\u00f1al por adelantado a descontar del precio final a modo de de RESERVA.<\/p>\n<p>Te llamamos para los detalles que tienes en mente. <a role=\"link\" href=\"https:\/\/mediafiles.botpress.cloud\/2c4ca6ca-d5ce-494f-b9c0-1371a2de4441\/webchat\/bot.html\">Pulsa AQU\u00cd y quedamos<\/a><\/p>\n<p>Tambi\u00e9n puedes llamar directamente, en horario de oficina, al <a class=\"goto-telefono\" role=\"link\" href=\"tel:+34622224435\">622 22 44 35<\/a><\/p>\n<p>\u00a1Transforma tu patio trasero en un para\u00edso acu\u00e1tico con nuestra Piscina Autopotante Elevada! Ord\u00e9nala ahora y disfruta de d\u00edas de diversi\u00f3n bajo el sol y noches m\u00e1gicas bajo las estrellas.<\/p>\n<\/div>\n<\/div>\n<\/div>\n<\/div>\n<\/div>\n<\/div>\n<\/div>\n<\/div>\n<\/div>\n<\/section>\n","protected":false},"excerpt":{"rendered":"<h3>Precio final: A consultar.<\/h3>\n<h3>Solicitamos un pago por adelantado como Reserva de fecha de instalaci\u00f3n: A consultar<\/h3>\n<p>La <strong>piscina peque\u00f1a <\/strong><em><strong>DIVA Grace<\/strong><\/em> se convierte en su mejor opci\u00f3n si dispone de muy poco espacio. Ligera y de dimensiones reducidas, esta <strong>piscina peque\u00f1a de poli\u00e9ster<\/strong> se adapta a lugares como \u00e1ticos, azoteas, patios interiores o terrazas peque\u00f1as e incluso jardines estrechos.<\/p>\n<p>Si su tama\u00f1o de llamar\u00e1 la atenci\u00f3n, sus l\u00edneas elegantes y bordes redondeados terminar\u00e1n de seducirle. De dise\u00f1o atemporal, esta <strong>mini piscina prefabricada<\/strong> combina armoniosamente con el estilo de cualquier vivienda, tanto si es moderna como cl\u00e1sica.<\/p>\n","protected":false},"featured_media":149,"comment_status":"open","ping_status":"closed","template":"","meta":{"pagelayer_contact_templates":[],"_pagelayer_content":""},"product_brand":[],"product_cat":[28],"product_tag":[],"class_list":{"0":"post-147","1":"product","2":"type-product","3":"status-publish","4":"has-post-thumbnail","6":"product_cat-piscinas-pequenas","8":"first","9":"instock","10":"virtual","11":"taxable","12":"product-type-simple"},"yoast_head":"<!-- This site is optimized with the Yoast SEO plugin v26.9 - https:\/\/yoast.com\/product\/yoast-seo-wordpress\/ -->\n<title>Diva Grace - Divapiscinas<\/title>\n<meta name=\"robots\" content=\"index, follow, max-snippet:-1, max-image-preview:large, max-video-preview:-1\" \/>\n<link rel=\"canonical\" href=\"https:\/\/shadowdigital.es\/divapiscinas\/producto\/diva-grace\/\" \/>\n<meta property=\"og:locale\" content=\"es_ES\" \/>\n<meta property=\"og:type\" content=\"article\" \/>\n<meta property=\"og:title\" content=\"Diva Grace - Divapiscinas\" \/>\n<meta property=\"og:description\" content=\"Precio final: A consultar. Solicitamos un pago por adelantado como Reserva de fecha de instalaci\u00f3n: A consultar La piscina peque\u00f1a DIVA Grace se convierte en su mejor opci\u00f3n si dispone de muy poco espacio. Ligera y de dimensiones reducidas, esta piscina peque\u00f1a de poli\u00e9ster se adapta a lugares como \u00e1ticos, azoteas, patios interiores o terrazas peque\u00f1as e incluso jardines estrechos.  Si su tama\u00f1o de llamar\u00e1 la atenci\u00f3n, sus l\u00edneas elegantes y bordes redondeados terminar\u00e1n de seducirle. De dise\u00f1o atemporal, esta mini piscina prefabricada combina armoniosamente con el estilo de cualquier vivienda, tanto si es moderna como cl\u00e1sica.\" \/>\n<meta property=\"og:url\" content=\"https:\/\/shadowdigital.es\/divapiscinas\/producto\/diva-grace\/\" \/>\n<meta property=\"og:site_name\" content=\"Divapiscinas\" \/>\n<meta property=\"article:modified_time\" content=\"2025-06-02T09:14:33+00:00\" \/>\n<meta property=\"og:image\" content=\"https:\/\/shadowdigital.es\/divapiscinas\/wp-content\/uploads\/2024\/04\/piscina-pequena-diva-grace_02-800x600-1.jpg\" \/>\n\t<meta property=\"og:image:width\" content=\"800\" \/>\n\t<meta property=\"og:image:height\" content=\"600\" \/>\n\t<meta property=\"og:image:type\" content=\"image\/jpeg\" \/>\n<meta name=\"twitter:card\" content=\"summary_large_image\" \/>\n<meta name=\"twitter:label1\" content=\"Tiempo de lectura\" \/>\n\t<meta name=\"twitter:data1\" content=\"1 minuto\" \/>\n<script type=\"application\/ld+json\" class=\"yoast-schema-graph\">{\"@context\":\"https:\/\/schema.org\",\"@graph\":[{\"@type\":\"WebPage\",\"@id\":\"https:\/\/shadowdigital.es\/divapiscinas\/producto\/diva-grace\/\",\"url\":\"https:\/\/shadowdigital.es\/divapiscinas\/producto\/diva-grace\/\",\"name\":\"Diva Grace - Divapiscinas\",\"isPartOf\":{\"@id\":\"https:\/\/shadowdigital.es\/divapiscinas\/#website\"},\"primaryImageOfPage\":{\"@id\":\"https:\/\/shadowdigital.es\/divapiscinas\/producto\/diva-grace\/#primaryimage\"},\"image\":{\"@id\":\"https:\/\/shadowdigital.es\/divapiscinas\/producto\/diva-grace\/#primaryimage\"},\"thumbnailUrl\":\"https:\/\/shadowdigital.es\/divapiscinas\/wp-content\/uploads\/2024\/04\/piscina-pequena-diva-grace_02-800x600-1.jpg\",\"datePublished\":\"2024-04-05T11:08:12+00:00\",\"dateModified\":\"2025-06-02T09:14:33+00:00\",\"breadcrumb\":{\"@id\":\"https:\/\/shadowdigital.es\/divapiscinas\/producto\/diva-grace\/#breadcrumb\"},\"inLanguage\":\"es\",\"potentialAction\":[{\"@type\":\"ReadAction\",\"target\":[\"https:\/\/shadowdigital.es\/divapiscinas\/producto\/diva-grace\/\"]}]},{\"@type\":\"ImageObject\",\"inLanguage\":\"es\",\"@id\":\"https:\/\/shadowdigital.es\/divapiscinas\/producto\/diva-grace\/#primaryimage\",\"url\":\"https:\/\/shadowdigital.es\/divapiscinas\/wp-content\/uploads\/2024\/04\/piscina-pequena-diva-grace_02-800x600-1.jpg\",\"contentUrl\":\"https:\/\/shadowdigital.es\/divapiscinas\/wp-content\/uploads\/2024\/04\/piscina-pequena-diva-grace_02-800x600-1.jpg\",\"width\":800,\"height\":600},{\"@type\":\"BreadcrumbList\",\"@id\":\"https:\/\/shadowdigital.es\/divapiscinas\/producto\/diva-grace\/#breadcrumb\",\"itemListElement\":[{\"@type\":\"ListItem\",\"position\":1,\"name\":\"Portada\",\"item\":\"https:\/\/shadowdigital.es\/divapiscinas\/\"},{\"@type\":\"ListItem\",\"position\":2,\"name\":\"Tienda online\",\"item\":\"https:\/\/shadowdigital.es\/divapiscinas\/\"},{\"@type\":\"ListItem\",\"position\":3,\"name\":\"Diva Grace\"}]},{\"@type\":\"WebSite\",\"@id\":\"https:\/\/shadowdigital.es\/divapiscinas\/#website\",\"url\":\"https:\/\/shadowdigital.es\/divapiscinas\/\",\"name\":\"Divapiscinas\",\"description\":\"Divapiscinas Tienda online\",\"publisher\":{\"@id\":\"https:\/\/shadowdigital.es\/divapiscinas\/#organization\"},\"potentialAction\":[{\"@type\":\"SearchAction\",\"target\":{\"@type\":\"EntryPoint\",\"urlTemplate\":\"https:\/\/shadowdigital.es\/divapiscinas\/?s={search_term_string}\"},\"query-input\":{\"@type\":\"PropertyValueSpecification\",\"valueRequired\":true,\"valueName\":\"search_term_string\"}}],\"inLanguage\":\"es\"},{\"@type\":\"Organization\",\"@id\":\"https:\/\/shadowdigital.es\/divapiscinas\/#organization\",\"name\":\"Diva Piscinas. Fibras y carbonos\",\"alternateName\":\"Diva piscinas\",\"url\":\"https:\/\/shadowdigital.es\/divapiscinas\/\",\"logo\":{\"@type\":\"ImageObject\",\"inLanguage\":\"es\",\"@id\":\"https:\/\/shadowdigital.es\/divapiscinas\/#\/schema\/logo\/image\/\",\"url\":\"https:\/\/shadowdigital.es\/divapiscinas\/wp-content\/uploads\/2024\/04\/cropped-piscinas-DIVA_logo.png\",\"contentUrl\":\"https:\/\/shadowdigital.es\/divapiscinas\/wp-content\/uploads\/2024\/04\/cropped-piscinas-DIVA_logo.png\",\"width\":230,\"height\":112,\"caption\":\"Diva Piscinas. Fibras y carbonos\"},\"image\":{\"@id\":\"https:\/\/shadowdigital.es\/divapiscinas\/#\/schema\/logo\/image\/\"}}]}<\/script>\n<!-- \/ Yoast SEO plugin. -->","yoast_head_json":{"title":"Diva Grace - Divapiscinas","robots":{"index":"index","follow":"follow","max-snippet":"max-snippet:-1","max-image-preview":"max-image-preview:large","max-video-preview":"max-video-preview:-1"},"canonical":"https:\/\/shadowdigital.es\/divapiscinas\/producto\/diva-grace\/","og_locale":"es_ES","og_type":"article","og_title":"Diva Grace - Divapiscinas","og_description":"Precio final: A consultar. Solicitamos un pago por adelantado como Reserva de fecha de instalaci\u00f3n: A consultar La piscina peque\u00f1a DIVA Grace se convierte en su mejor opci\u00f3n si dispone de muy poco espacio. Ligera y de dimensiones reducidas, esta piscina peque\u00f1a de poli\u00e9ster se adapta a lugares como \u00e1ticos, azoteas, patios interiores o terrazas peque\u00f1as e incluso jardines estrechos.  Si su tama\u00f1o de llamar\u00e1 la atenci\u00f3n, sus l\u00edneas elegantes y bordes redondeados terminar\u00e1n de seducirle. De dise\u00f1o atemporal, esta mini piscina prefabricada combina armoniosamente con el estilo de cualquier vivienda, tanto si es moderna como cl\u00e1sica.","og_url":"https:\/\/shadowdigital.es\/divapiscinas\/producto\/diva-grace\/","og_site_name":"Divapiscinas","article_modified_time":"2025-06-02T09:14:33+00:00","og_image":[{"width":800,"height":600,"url":"https:\/\/shadowdigital.es\/divapiscinas\/wp-content\/uploads\/2024\/04\/piscina-pequena-diva-grace_02-800x600-1.jpg","type":"image\/jpeg"}],"twitter_card":"summary_large_image","twitter_misc":{"Tiempo de lectura":"1 minuto"},"schema":{"@context":"https:\/\/schema.org","@graph":[{"@type":"WebPage","@id":"https:\/\/shadowdigital.es\/divapiscinas\/producto\/diva-grace\/","url":"https:\/\/shadowdigital.es\/divapiscinas\/producto\/diva-grace\/","name":"Diva Grace - Divapiscinas","isPartOf":{"@id":"https:\/\/shadowdigital.es\/divapiscinas\/#website"},"primaryImageOfPage":{"@id":"https:\/\/shadowdigital.es\/divapiscinas\/producto\/diva-grace\/#primaryimage"},"image":{"@id":"https:\/\/shadowdigital.es\/divapiscinas\/producto\/diva-grace\/#primaryimage"},"thumbnailUrl":"https:\/\/shadowdigital.es\/divapiscinas\/wp-content\/uploads\/2024\/04\/piscina-pequena-diva-grace_02-800x600-1.jpg","datePublished":"2024-04-05T11:08:12+00:00","dateModified":"2025-06-02T09:14:33+00:00","breadcrumb":{"@id":"https:\/\/shadowdigital.es\/divapiscinas\/producto\/diva-grace\/#breadcrumb"},"inLanguage":"es","potentialAction":[{"@type":"ReadAction","target":["https:\/\/shadowdigital.es\/divapiscinas\/producto\/diva-grace\/"]}]},{"@type":"ImageObject","inLanguage":"es","@id":"https:\/\/shadowdigital.es\/divapiscinas\/producto\/diva-grace\/#primaryimage","url":"https:\/\/shadowdigital.es\/divapiscinas\/wp-content\/uploads\/2024\/04\/piscina-pequena-diva-grace_02-800x600-1.jpg","contentUrl":"https:\/\/shadowdigital.es\/divapiscinas\/wp-content\/uploads\/2024\/04\/piscina-pequena-diva-grace_02-800x600-1.jpg","width":800,"height":600},{"@type":"BreadcrumbList","@id":"https:\/\/shadowdigital.es\/divapiscinas\/producto\/diva-grace\/#breadcrumb","itemListElement":[{"@type":"ListItem","position":1,"name":"Portada","item":"https:\/\/shadowdigital.es\/divapiscinas\/"},{"@type":"ListItem","position":2,"name":"Tienda online","item":"https:\/\/shadowdigital.es\/divapiscinas\/"},{"@type":"ListItem","position":3,"name":"Diva Grace"}]},{"@type":"WebSite","@id":"https:\/\/shadowdigital.es\/divapiscinas\/#website","url":"https:\/\/shadowdigital.es\/divapiscinas\/","name":"Divapiscinas","description":"Divapiscinas Tienda online","publisher":{"@id":"https:\/\/shadowdigital.es\/divapiscinas\/#organization"},"potentialAction":[{"@type":"SearchAction","target":{"@type":"EntryPoint","urlTemplate":"https:\/\/shadowdigital.es\/divapiscinas\/?s={search_term_string}"},"query-input":{"@type":"PropertyValueSpecification","valueRequired":true,"valueName":"search_term_string"}}],"inLanguage":"es"},{"@type":"Organization","@id":"https:\/\/shadowdigital.es\/divapiscinas\/#organization","name":"Diva Piscinas. Fibras y carbonos","alternateName":"Diva piscinas","url":"https:\/\/shadowdigital.es\/divapiscinas\/","logo":{"@type":"ImageObject","inLanguage":"es","@id":"https:\/\/shadowdigital.es\/divapiscinas\/#\/schema\/logo\/image\/","url":"https:\/\/shadowdigital.es\/divapiscinas\/wp-content\/uploads\/2024\/04\/cropped-piscinas-DIVA_logo.png","contentUrl":"https:\/\/shadowdigital.es\/divapiscinas\/wp-content\/uploads\/2024\/04\/cropped-piscinas-DIVA_logo.png","width":230,"height":112,"caption":"Diva Piscinas. Fibras y carbonos"},"image":{"@id":"https:\/\/shadowdigital.es\/divapiscinas\/#\/schema\/logo\/image\/"}}]}},"jetpack_sharing_enabled":true,"_links":{"self":[{"href":"https:\/\/shadowdigital.es\/divapiscinas\/wp-json\/wp\/v2\/product\/147","targetHints":{"allow":["GET"]}}],"collection":[{"href":"https:\/\/shadowdigital.es\/divapiscinas\/wp-json\/wp\/v2\/product"}],"about":[{"href":"https:\/\/shadowdigital.es\/divapiscinas\/wp-json\/wp\/v2\/types\/product"}],"replies":[{"embeddable":true,"href":"https:\/\/shadowdigital.es\/divapiscinas\/wp-json\/wp\/v2\/comments?post=147"}],"wp:featuredmedia":[{"embeddable":true,"href":"https:\/\/shadowdigital.es\/divapiscinas\/wp-json\/wp\/v2\/media\/149"}],"wp:attachment":[{"href":"https:\/\/shadowdigital.es\/divapiscinas\/wp-json\/wp\/v2\/media?parent=147"}],"wp:term":[{"taxonomy":"product_brand","embeddable":true,"href":"https:\/\/shadowdigital.es\/divapiscinas\/wp-json\/wp\/v2\/product_brand?post=147"},{"taxonomy":"product_cat","embeddable":true,"href":"https:\/\/shadowdigital.es\/divapiscinas\/wp-json\/wp\/v2\/product_cat?post=147"},{"taxonomy":"product_tag","embeddable":true,"href":"https:\/\/shadowdigital.es\/divapiscinas\/wp-json\/wp\/v2\/product_tag?post=147"}],"curies":[{"name":"wp","href":"https:\/\/api.w.org\/{rel}","templated":true}]}}