{"id":144,"date":"2024-04-05T11:05:53","date_gmt":"2024-04-05T11:05:53","guid":{"rendered":"https:\/\/shadowdigital.es\/divapiscinas\/?post_type=product&#038;p=144"},"modified":"2025-06-02T09:16:36","modified_gmt":"2025-06-02T09:16:36","slug":"diva-frida","status":"publish","type":"product","link":"https:\/\/shadowdigital.es\/divapiscinas\/producto\/diva-frida\/","title":{"rendered":"Diva Frida"},"content":{"rendered":"<div id=\"descripcion\" class=\"elementor-element elementor-element-71deebf titulo style-a size-2 elementor-widget elementor-widget-heading\" data-id=\"71deebf\" data-element_type=\"widget\" data-widget_type=\"heading.default\">\n<div class=\"elementor-widget-container\">\n<h2 class=\"elementor-heading-title elementor-size-default\">Descripci\u00f3n de la piscina con curvas<\/h2>\n<\/div>\n<\/div>\n<section class=\"elementor-section elementor-inner-section elementor-element elementor-element-3481222 elementor-section-full_width elementor-section-height-default elementor-section-height-default\" data-id=\"3481222\" data-element_type=\"section\">\n<div class=\"elementor-container elementor-column-gap-no\">\n<div class=\"elementor-row\">\n<div class=\"elementor-column elementor-col-50 elementor-inner-column elementor-element elementor-element-47bc765\" data-id=\"47bc765\" data-element_type=\"column\">\n<div class=\"elementor-column-wrap elementor-element-populated\">\n<div class=\"elementor-widget-wrap\">\n<div class=\"elementor-element elementor-element-6adc690 config-text articulo elementor-widget elementor-widget-shortcode\" data-id=\"6adc690\" data-element_type=\"widget\" data-widget_type=\"shortcode.default\">\n<div class=\"elementor-widget-container\">\n<div class=\"elementor-shortcode\">\n<div class=\"config-text articulo\">\n<p>La <em>DIVA Frida<\/em> es una <strong>piscina con l\u00edneas curvadas y de tama\u00f1o medio<\/strong>. Adem\u00e1s de su dise\u00f1o original, resalta por ser un buen compromiso entre amplitud del espacio de ocio y una ocupaci\u00f3n del terreno relativamente reducida.<\/p>\n<h3>Piscina con estilo<\/h3>\n<p>Lo m\u00e1s destacable de esta <strong>piscina rectangular con curvas<\/strong> son sus laterales ligeramente arqueados. Este dise\u00f1o act\u00faa como un abrazo y confiere al conjunto una sensaci\u00f3n visual de placer, de bienestar y confort. Por tanto, resulta muy indicado para personas alegres y abiertas de mente que desean plasmar su personalidad en la recreaci\u00f3n de un remanso de paz fiel a su forma de ser.<\/p>\n<h3>Fondo plano y pelda\u00f1os<\/h3>\n<p>Esta <strong>piscina de poli\u00e9ster ofrece un fondo plano<\/strong> en toda su superficie. De este modo, se convierte en una piscina ideal para los juegos en familia y reuniones entre amigos. Se accede desde la escalera colocada en un extremo e incorpora pelda\u00f1os en los que poder sentarse en todo su per\u00edmetro.<\/p>\n<h3>Dimensiones generosas para espacios medianos<\/h3>\n<p>Entre sus caracter\u00edsticas m\u00e1s notables, podemos resaltar las medidas amplias de esta piscina. En efecto, ofrece un espacio de 7 metros por 3&#8230; lo suficiente largo para practicar braza si dispone de un jard\u00edn, una terraza o un patio exterior de tama\u00f1o medio. Con una profundidad de 1,45 metros, resulta ser una piscina segura para todos.<\/p>\n<h3>Precio final: A consultar<\/h3>\n<p>Si deseas tener tu piscina instalada para una fecha determinada necesitamos una se\u00f1al por adelantado a descontar del precio final a modo de de RESERVA.<\/p>\n<p>Te llamamos para los detalles que tienes en mente. <a role=\"link\" href=\"https:\/\/mediafiles.botpress.cloud\/2c4ca6ca-d5ce-494f-b9c0-1371a2de4441\/webchat\/bot.html\">Pulsa AQU\u00cd y quedamos<\/a><\/p>\n<p>Tambi\u00e9n puedes llamar directamente, en horario de oficina, al <a class=\"goto-telefono\" role=\"link\" href=\"tel:+34622224435\">622 22 44 35<\/a><\/p>\n<p>\u00a1Transforma tu patio trasero en un para\u00edso acu\u00e1tico con nuestra Piscina Autopotante Elevada! Ord\u00e9nala ahora y disfruta de d\u00edas de diversi\u00f3n bajo el sol y noches m\u00e1gicas bajo las estrellas.<\/p>\n<\/div>\n<\/div>\n<\/div>\n<\/div>\n<\/div>\n<\/div>\n<\/div>\n<\/div>\n<\/div>\n<\/section>\n","protected":false},"excerpt":{"rendered":"<h3>Precio final: A consultar.<\/h3>\n<h3>Solicitamos un pago por adelantado como Reserva de fecha de instalaci\u00f3n: A consultar<\/h3>\n<p>La <strong>piscina con curvas <em>DIVA Frida<\/em><\/strong> le seducir\u00e1 por sus l\u00edneas originales y redondeadas. En efecto, los laterales curvados de esta <strong>piscina prefabricada rectangular<\/strong> invitan a darse un ba\u00f1o y le abrazan una vez est\u00e9 en su interior. Por otro lado, sus dimensiones generosas dejan espacio para realizar cualquier tipo de actividad, ya sea jugar en familia, relajarse sentado en la escalera o incluso nadar.<\/p>\n<p>Lo habr\u00e1 entendido, esta <strong>piscina rectangular y de l\u00edneas curvadas<\/strong>\u00a0ha sido dise\u00f1ada para despertar sensaciones de bienestar.<\/p>\n","protected":false},"featured_media":145,"comment_status":"open","ping_status":"closed","template":"","meta":{"pagelayer_contact_templates":[],"_pagelayer_content":""},"product_brand":[],"product_cat":[30],"product_tag":[],"class_list":{"0":"post-144","1":"product","2":"type-product","3":"status-publish","4":"has-post-thumbnail","6":"product_cat-piscinas-con-curvas","8":"first","9":"instock","10":"virtual","11":"taxable","12":"product-type-simple"},"yoast_head":"<!-- This site is optimized with the Yoast SEO plugin v26.9 - https:\/\/yoast.com\/product\/yoast-seo-wordpress\/ -->\n<title>Diva Frida - Divapiscinas<\/title>\n<meta name=\"robots\" content=\"index, follow, max-snippet:-1, max-image-preview:large, max-video-preview:-1\" \/>\n<link rel=\"canonical\" href=\"https:\/\/shadowdigital.es\/divapiscinas\/producto\/diva-frida\/\" \/>\n<meta property=\"og:locale\" content=\"es_ES\" \/>\n<meta property=\"og:type\" content=\"article\" \/>\n<meta property=\"og:title\" content=\"Diva Frida - Divapiscinas\" \/>\n<meta property=\"og:description\" content=\"Precio final: A consultar. Solicitamos un pago por adelantado como Reserva de fecha de instalaci\u00f3n: A consultar La piscina con curvas DIVA Frida le seducir\u00e1 por sus l\u00edneas originales y redondeadas. En efecto, los laterales curvados de esta piscina prefabricada rectangular invitan a darse un ba\u00f1o y le abrazan una vez est\u00e9 en su interior. Por otro lado, sus dimensiones generosas dejan espacio para realizar cualquier tipo de actividad, ya sea jugar en familia, relajarse sentado en la escalera o incluso nadar.  Lo habr\u00e1 entendido, esta piscina rectangular y de l\u00edneas curvadas\u00a0ha sido dise\u00f1ada para despertar sensaciones de bienestar.\" \/>\n<meta property=\"og:url\" content=\"https:\/\/shadowdigital.es\/divapiscinas\/producto\/diva-frida\/\" \/>\n<meta property=\"og:site_name\" content=\"Divapiscinas\" \/>\n<meta property=\"article:modified_time\" content=\"2025-06-02T09:16:36+00:00\" \/>\n<meta property=\"og:image\" content=\"https:\/\/shadowdigital.es\/divapiscinas\/wp-content\/uploads\/2024\/04\/piscina-con-curvas-diva-frida_02-800x600-1.jpg\" \/>\n\t<meta property=\"og:image:width\" content=\"800\" \/>\n\t<meta property=\"og:image:height\" content=\"600\" \/>\n\t<meta property=\"og:image:type\" content=\"image\/jpeg\" \/>\n<meta name=\"twitter:card\" content=\"summary_large_image\" \/>\n<meta name=\"twitter:label1\" content=\"Tiempo de lectura\" \/>\n\t<meta name=\"twitter:data1\" content=\"1 minuto\" \/>\n<script type=\"application\/ld+json\" class=\"yoast-schema-graph\">{\"@context\":\"https:\/\/schema.org\",\"@graph\":[{\"@type\":\"WebPage\",\"@id\":\"https:\/\/shadowdigital.es\/divapiscinas\/producto\/diva-frida\/\",\"url\":\"https:\/\/shadowdigital.es\/divapiscinas\/producto\/diva-frida\/\",\"name\":\"Diva Frida - Divapiscinas\",\"isPartOf\":{\"@id\":\"https:\/\/shadowdigital.es\/divapiscinas\/#website\"},\"primaryImageOfPage\":{\"@id\":\"https:\/\/shadowdigital.es\/divapiscinas\/producto\/diva-frida\/#primaryimage\"},\"image\":{\"@id\":\"https:\/\/shadowdigital.es\/divapiscinas\/producto\/diva-frida\/#primaryimage\"},\"thumbnailUrl\":\"https:\/\/shadowdigital.es\/divapiscinas\/wp-content\/uploads\/2024\/04\/piscina-con-curvas-diva-frida_02-800x600-1.jpg\",\"datePublished\":\"2024-04-05T11:05:53+00:00\",\"dateModified\":\"2025-06-02T09:16:36+00:00\",\"breadcrumb\":{\"@id\":\"https:\/\/shadowdigital.es\/divapiscinas\/producto\/diva-frida\/#breadcrumb\"},\"inLanguage\":\"es\",\"potentialAction\":[{\"@type\":\"ReadAction\",\"target\":[\"https:\/\/shadowdigital.es\/divapiscinas\/producto\/diva-frida\/\"]}]},{\"@type\":\"ImageObject\",\"inLanguage\":\"es\",\"@id\":\"https:\/\/shadowdigital.es\/divapiscinas\/producto\/diva-frida\/#primaryimage\",\"url\":\"https:\/\/shadowdigital.es\/divapiscinas\/wp-content\/uploads\/2024\/04\/piscina-con-curvas-diva-frida_02-800x600-1.jpg\",\"contentUrl\":\"https:\/\/shadowdigital.es\/divapiscinas\/wp-content\/uploads\/2024\/04\/piscina-con-curvas-diva-frida_02-800x600-1.jpg\",\"width\":800,\"height\":600},{\"@type\":\"BreadcrumbList\",\"@id\":\"https:\/\/shadowdigital.es\/divapiscinas\/producto\/diva-frida\/#breadcrumb\",\"itemListElement\":[{\"@type\":\"ListItem\",\"position\":1,\"name\":\"Portada\",\"item\":\"https:\/\/shadowdigital.es\/divapiscinas\/\"},{\"@type\":\"ListItem\",\"position\":2,\"name\":\"Tienda online\",\"item\":\"https:\/\/shadowdigital.es\/divapiscinas\/\"},{\"@type\":\"ListItem\",\"position\":3,\"name\":\"Diva Frida\"}]},{\"@type\":\"WebSite\",\"@id\":\"https:\/\/shadowdigital.es\/divapiscinas\/#website\",\"url\":\"https:\/\/shadowdigital.es\/divapiscinas\/\",\"name\":\"Divapiscinas\",\"description\":\"Divapiscinas Tienda online\",\"publisher\":{\"@id\":\"https:\/\/shadowdigital.es\/divapiscinas\/#organization\"},\"potentialAction\":[{\"@type\":\"SearchAction\",\"target\":{\"@type\":\"EntryPoint\",\"urlTemplate\":\"https:\/\/shadowdigital.es\/divapiscinas\/?s={search_term_string}\"},\"query-input\":{\"@type\":\"PropertyValueSpecification\",\"valueRequired\":true,\"valueName\":\"search_term_string\"}}],\"inLanguage\":\"es\"},{\"@type\":\"Organization\",\"@id\":\"https:\/\/shadowdigital.es\/divapiscinas\/#organization\",\"name\":\"Diva Piscinas. Fibras y carbonos\",\"alternateName\":\"Diva piscinas\",\"url\":\"https:\/\/shadowdigital.es\/divapiscinas\/\",\"logo\":{\"@type\":\"ImageObject\",\"inLanguage\":\"es\",\"@id\":\"https:\/\/shadowdigital.es\/divapiscinas\/#\/schema\/logo\/image\/\",\"url\":\"https:\/\/shadowdigital.es\/divapiscinas\/wp-content\/uploads\/2024\/04\/cropped-piscinas-DIVA_logo.png\",\"contentUrl\":\"https:\/\/shadowdigital.es\/divapiscinas\/wp-content\/uploads\/2024\/04\/cropped-piscinas-DIVA_logo.png\",\"width\":230,\"height\":112,\"caption\":\"Diva Piscinas. Fibras y carbonos\"},\"image\":{\"@id\":\"https:\/\/shadowdigital.es\/divapiscinas\/#\/schema\/logo\/image\/\"}}]}<\/script>\n<!-- \/ Yoast SEO plugin. -->","yoast_head_json":{"title":"Diva Frida - Divapiscinas","robots":{"index":"index","follow":"follow","max-snippet":"max-snippet:-1","max-image-preview":"max-image-preview:large","max-video-preview":"max-video-preview:-1"},"canonical":"https:\/\/shadowdigital.es\/divapiscinas\/producto\/diva-frida\/","og_locale":"es_ES","og_type":"article","og_title":"Diva Frida - Divapiscinas","og_description":"Precio final: A consultar. Solicitamos un pago por adelantado como Reserva de fecha de instalaci\u00f3n: A consultar La piscina con curvas DIVA Frida le seducir\u00e1 por sus l\u00edneas originales y redondeadas. En efecto, los laterales curvados de esta piscina prefabricada rectangular invitan a darse un ba\u00f1o y le abrazan una vez est\u00e9 en su interior. Por otro lado, sus dimensiones generosas dejan espacio para realizar cualquier tipo de actividad, ya sea jugar en familia, relajarse sentado en la escalera o incluso nadar.  Lo habr\u00e1 entendido, esta piscina rectangular y de l\u00edneas curvadas\u00a0ha sido dise\u00f1ada para despertar sensaciones de bienestar.","og_url":"https:\/\/shadowdigital.es\/divapiscinas\/producto\/diva-frida\/","og_site_name":"Divapiscinas","article_modified_time":"2025-06-02T09:16:36+00:00","og_image":[{"width":800,"height":600,"url":"https:\/\/shadowdigital.es\/divapiscinas\/wp-content\/uploads\/2024\/04\/piscina-con-curvas-diva-frida_02-800x600-1.jpg","type":"image\/jpeg"}],"twitter_card":"summary_large_image","twitter_misc":{"Tiempo de lectura":"1 minuto"},"schema":{"@context":"https:\/\/schema.org","@graph":[{"@type":"WebPage","@id":"https:\/\/shadowdigital.es\/divapiscinas\/producto\/diva-frida\/","url":"https:\/\/shadowdigital.es\/divapiscinas\/producto\/diva-frida\/","name":"Diva Frida - Divapiscinas","isPartOf":{"@id":"https:\/\/shadowdigital.es\/divapiscinas\/#website"},"primaryImageOfPage":{"@id":"https:\/\/shadowdigital.es\/divapiscinas\/producto\/diva-frida\/#primaryimage"},"image":{"@id":"https:\/\/shadowdigital.es\/divapiscinas\/producto\/diva-frida\/#primaryimage"},"thumbnailUrl":"https:\/\/shadowdigital.es\/divapiscinas\/wp-content\/uploads\/2024\/04\/piscina-con-curvas-diva-frida_02-800x600-1.jpg","datePublished":"2024-04-05T11:05:53+00:00","dateModified":"2025-06-02T09:16:36+00:00","breadcrumb":{"@id":"https:\/\/shadowdigital.es\/divapiscinas\/producto\/diva-frida\/#breadcrumb"},"inLanguage":"es","potentialAction":[{"@type":"ReadAction","target":["https:\/\/shadowdigital.es\/divapiscinas\/producto\/diva-frida\/"]}]},{"@type":"ImageObject","inLanguage":"es","@id":"https:\/\/shadowdigital.es\/divapiscinas\/producto\/diva-frida\/#primaryimage","url":"https:\/\/shadowdigital.es\/divapiscinas\/wp-content\/uploads\/2024\/04\/piscina-con-curvas-diva-frida_02-800x600-1.jpg","contentUrl":"https:\/\/shadowdigital.es\/divapiscinas\/wp-content\/uploads\/2024\/04\/piscina-con-curvas-diva-frida_02-800x600-1.jpg","width":800,"height":600},{"@type":"BreadcrumbList","@id":"https:\/\/shadowdigital.es\/divapiscinas\/producto\/diva-frida\/#breadcrumb","itemListElement":[{"@type":"ListItem","position":1,"name":"Portada","item":"https:\/\/shadowdigital.es\/divapiscinas\/"},{"@type":"ListItem","position":2,"name":"Tienda online","item":"https:\/\/shadowdigital.es\/divapiscinas\/"},{"@type":"ListItem","position":3,"name":"Diva Frida"}]},{"@type":"WebSite","@id":"https:\/\/shadowdigital.es\/divapiscinas\/#website","url":"https:\/\/shadowdigital.es\/divapiscinas\/","name":"Divapiscinas","description":"Divapiscinas Tienda online","publisher":{"@id":"https:\/\/shadowdigital.es\/divapiscinas\/#organization"},"potentialAction":[{"@type":"SearchAction","target":{"@type":"EntryPoint","urlTemplate":"https:\/\/shadowdigital.es\/divapiscinas\/?s={search_term_string}"},"query-input":{"@type":"PropertyValueSpecification","valueRequired":true,"valueName":"search_term_string"}}],"inLanguage":"es"},{"@type":"Organization","@id":"https:\/\/shadowdigital.es\/divapiscinas\/#organization","name":"Diva Piscinas. Fibras y carbonos","alternateName":"Diva piscinas","url":"https:\/\/shadowdigital.es\/divapiscinas\/","logo":{"@type":"ImageObject","inLanguage":"es","@id":"https:\/\/shadowdigital.es\/divapiscinas\/#\/schema\/logo\/image\/","url":"https:\/\/shadowdigital.es\/divapiscinas\/wp-content\/uploads\/2024\/04\/cropped-piscinas-DIVA_logo.png","contentUrl":"https:\/\/shadowdigital.es\/divapiscinas\/wp-content\/uploads\/2024\/04\/cropped-piscinas-DIVA_logo.png","width":230,"height":112,"caption":"Diva Piscinas. Fibras y carbonos"},"image":{"@id":"https:\/\/shadowdigital.es\/divapiscinas\/#\/schema\/logo\/image\/"}}]}},"jetpack_sharing_enabled":true,"_links":{"self":[{"href":"https:\/\/shadowdigital.es\/divapiscinas\/wp-json\/wp\/v2\/product\/144","targetHints":{"allow":["GET"]}}],"collection":[{"href":"https:\/\/shadowdigital.es\/divapiscinas\/wp-json\/wp\/v2\/product"}],"about":[{"href":"https:\/\/shadowdigital.es\/divapiscinas\/wp-json\/wp\/v2\/types\/product"}],"replies":[{"embeddable":true,"href":"https:\/\/shadowdigital.es\/divapiscinas\/wp-json\/wp\/v2\/comments?post=144"}],"wp:featuredmedia":[{"embeddable":true,"href":"https:\/\/shadowdigital.es\/divapiscinas\/wp-json\/wp\/v2\/media\/145"}],"wp:attachment":[{"href":"https:\/\/shadowdigital.es\/divapiscinas\/wp-json\/wp\/v2\/media?parent=144"}],"wp:term":[{"taxonomy":"product_brand","embeddable":true,"href":"https:\/\/shadowdigital.es\/divapiscinas\/wp-json\/wp\/v2\/product_brand?post=144"},{"taxonomy":"product_cat","embeddable":true,"href":"https:\/\/shadowdigital.es\/divapiscinas\/wp-json\/wp\/v2\/product_cat?post=144"},{"taxonomy":"product_tag","embeddable":true,"href":"https:\/\/shadowdigital.es\/divapiscinas\/wp-json\/wp\/v2\/product_tag?post=144"}],"curies":[{"name":"wp","href":"https:\/\/api.w.org\/{rel}","templated":true}]}}