{"id":140,"date":"2024-04-05T11:02:19","date_gmt":"2024-04-05T11:02:19","guid":{"rendered":"https:\/\/shadowdigital.es\/divapiscinas\/?post_type=product&#038;p=140"},"modified":"2025-06-02T09:18:01","modified_gmt":"2025-06-02T09:18:01","slug":"diva-scarlett","status":"publish","type":"product","link":"https:\/\/shadowdigital.es\/divapiscinas\/producto\/diva-scarlett\/","title":{"rendered":"Diva Scarlett"},"content":{"rendered":"<div id=\"descripcion\" class=\"elementor-element elementor-element-71deebf titulo style-a size-2 elementor-widget elementor-widget-heading\" data-id=\"71deebf\" data-element_type=\"widget\" data-widget_type=\"heading.default\">\n<div class=\"elementor-widget-container\">\n<h2 class=\"elementor-heading-title elementor-size-default\">Descripci\u00f3n de la piscina prefabricada grande<\/h2>\n<\/div>\n<\/div>\n<section class=\"elementor-section elementor-inner-section elementor-element elementor-element-3481222 elementor-section-full_width elementor-section-height-default elementor-section-height-default\" data-id=\"3481222\" data-element_type=\"section\">\n<div class=\"elementor-container elementor-column-gap-no\">\n<div class=\"elementor-row\">\n<div class=\"elementor-column elementor-col-50 elementor-inner-column elementor-element elementor-element-47bc765\" data-id=\"47bc765\" data-element_type=\"column\">\n<div class=\"elementor-column-wrap elementor-element-populated\">\n<div class=\"elementor-widget-wrap\">\n<div class=\"elementor-element elementor-element-6adc690 config-text articulo elementor-widget elementor-widget-shortcode\" data-id=\"6adc690\" data-element_type=\"widget\" data-widget_type=\"shortcode.default\">\n<div class=\"elementor-widget-container\">\n<div class=\"elementor-shortcode\">\n<div class=\"config-text articulo\">\n<p>Si tuvi\u00e9ramos que elegir una sola palabra para presentar a esta <strong>piscina prefabricada de tama\u00f1o grande<\/strong> ser\u00eda \u00a1Asombrosa! As\u00ed es&#8230; todas sus caracter\u00edsticas contribuyen a hacer de la <em>DIVA Scarlett<\/em> una piscina espectacular: sus dimensiones generosas, su dise\u00f1o funcional y su estilo atemporal. D\u00e9jese convencer por esta <strong>piscina grande de poli\u00e9ster reforzado<\/strong> ideal para jardines o incluso patios amplios.<\/p>\n<h3>Piscina rectangular de dimensiones grandes<\/h3>\n<p>Este <strong>modelo de piscina<\/strong><strong> grande<\/strong> destaca por dimensiones excepcionales. Ofrece una longitud de 8,50 metros para que los m\u00e1s deportistas de su familia puedan practicar la nataci\u00f3n. Por otra parte, esta <strong>piscina rectangular<\/strong> maravillar\u00e1 al resto de la familia y se convertir\u00e1 en un lugar privilegiado d\u00f3nde reunirse los d\u00edas soleados. Resulta ser tambi\u00e9n el modelo ideal para peque\u00f1os hoteles y casas rurales preocupados por ofrecer un espacio de relajaci\u00f3n a sus hu\u00e9spedes.<\/p>\n<h3>Piscina de dise\u00f1o cl\u00e1sico<\/h3>\n<p>De estilo romano, las formas cl\u00e1sicas de esta piscina seducir\u00e1n a toda su familia. Sus l\u00edneas sim\u00e9tricas, la escalera de acceso ligeramente extra\u00edda del vaso y las esquinas redondeadas le resultar\u00e1n muy agradables a la vista. En resumen, esta <strong>piscina de poli\u00e9ster<\/strong><strong>\u00a0grande<\/strong> se disfruta tanto observ\u00e1ndola que ba\u00f1\u00e1ndose.<\/p>\n<h3>Fondo en pendiente<\/h3>\n<p>Esta <strong>piscina de fondo en pendiente<\/strong> ofrece dos profundidades distintas. Desde un metro para los m\u00e1s peque\u00f1os y hasta 1.85 metros para poder sumergirse y saltar en la piscina sin riesgo ninguno. Adem\u00e1s, cada lado de esta <strong>piscina prefabricada rectangular<\/strong> cuenta con pelda\u00f1os para permitir el descanso.<\/p>\n<h3>Precio final: A consultar<\/h3>\n<p>Si deseas tener tu piscina instalada para una fecha determinada necesitamos una se\u00f1al por adelantado a descontar del precio final a modo de de RESERVA.<\/p>\n<p>Te llamamos para los detalles que tienes en mente. <a role=\"link\" href=\"https:\/\/mediafiles.botpress.cloud\/2c4ca6ca-d5ce-494f-b9c0-1371a2de4441\/webchat\/bot.html\">Pulsa AQU\u00cd y quedamos<\/a><\/p>\n<p>Tambi\u00e9n puedes llamar directamente, en horario de oficina, al <a class=\"goto-telefono\" role=\"link\" href=\"tel:+34622224435\">622 22 44 35<\/a><\/p>\n<p>\u00a1Transforma tu patio trasero en un para\u00edso acu\u00e1tico con nuestra Piscina Autopotante Elevada! Ord\u00e9nala ahora y disfruta de d\u00edas de diversi\u00f3n bajo el sol y noches m\u00e1gicas bajo las estrellas.<\/p>\n<\/div>\n<\/div>\n<\/div>\n<\/div>\n<\/div>\n<\/div>\n<\/div>\n<\/div>\n<\/div>\n<\/section>\n","protected":false},"excerpt":{"rendered":"<h3>Precio final: A consultar.<\/h3>\n<h3>Solicitamos un pago por adelantado como Reserva de fecha de instalaci\u00f3n: A consultar<\/h3>\n<p>De grandes dimensiones y de estilo refinado, esta <strong>piscina prefabricada grande<\/strong> se convertir\u00e1 en la pieza maestra de su jard\u00edn o patio grande.<\/p>\n<p>La <em><strong>DIVA Scarlett<\/strong><\/em> es una <b>piscina rectangular de estilo romano<\/b> en la que se accede desde una ampl\u00eda escalera. Su dise\u00f1o cl\u00e1sico seducir\u00e1 a sus invitados m\u00e1s exigentes y contribuir\u00e1 a dar ese toque de elegancia a su jard\u00edn. Por otro lado, su gran tama\u00f1o le permitir\u00e1 realizar un sinf\u00edn de actividades acu\u00e1ticas entre familia y amigos.<\/p>\n<p>Por lo que si est\u00e1 buscando una <strong>piscina grande<\/strong> en la que poder nadar y divertirse, adem\u00e1s de un complemento de alto valor a\u00f1adido para su casa, esta piscina prefabricada est\u00e1 hecha para usted.<\/p>\n","protected":false},"featured_media":142,"comment_status":"open","ping_status":"closed","template":"","meta":{"pagelayer_contact_templates":[],"_pagelayer_content":""},"product_brand":[],"product_cat":[35],"product_tag":[],"class_list":{"0":"post-140","1":"product","2":"type-product","3":"status-publish","4":"has-post-thumbnail","6":"product_cat-piscinas-prefabricada-grande","8":"first","9":"instock","10":"virtual","11":"taxable","12":"product-type-simple"},"yoast_head":"<!-- This site is optimized with the Yoast SEO plugin v26.9 - https:\/\/yoast.com\/product\/yoast-seo-wordpress\/ -->\n<title>Diva Scarlett - Divapiscinas<\/title>\n<meta name=\"robots\" content=\"index, follow, max-snippet:-1, max-image-preview:large, max-video-preview:-1\" \/>\n<link rel=\"canonical\" href=\"https:\/\/shadowdigital.es\/divapiscinas\/producto\/diva-scarlett\/\" \/>\n<meta property=\"og:locale\" content=\"es_ES\" \/>\n<meta property=\"og:type\" content=\"article\" \/>\n<meta property=\"og:title\" content=\"Diva Scarlett - Divapiscinas\" \/>\n<meta property=\"og:description\" content=\"Precio final: A consultar. Solicitamos un pago por adelantado como Reserva de fecha de instalaci\u00f3n: A consultar De grandes dimensiones y de estilo refinado, esta piscina prefabricada grande se convertir\u00e1 en la pieza maestra de su jard\u00edn o patio grande.  La DIVA Scarlett es una piscina rectangular de estilo romano en la que se accede desde una ampl\u00eda escalera. Su dise\u00f1o cl\u00e1sico seducir\u00e1 a sus invitados m\u00e1s exigentes y contribuir\u00e1 a dar ese toque de elegancia a su jard\u00edn. Por otro lado, su gran tama\u00f1o le permitir\u00e1 realizar un sinf\u00edn de actividades acu\u00e1ticas entre familia y amigos.  Por lo que si est\u00e1 buscando una piscina grande en la que poder nadar y divertirse, adem\u00e1s de un complemento de alto valor a\u00f1adido para su casa, esta piscina prefabricada est\u00e1 hecha para usted.\" \/>\n<meta property=\"og:url\" content=\"https:\/\/shadowdigital.es\/divapiscinas\/producto\/diva-scarlett\/\" \/>\n<meta property=\"og:site_name\" content=\"Divapiscinas\" \/>\n<meta property=\"article:modified_time\" content=\"2025-06-02T09:18:01+00:00\" \/>\n<meta property=\"og:image\" content=\"https:\/\/shadowdigital.es\/divapiscinas\/wp-content\/uploads\/2024\/04\/piscina-prefabricada-grande-diva-scarlett_02-800x600-1.jpg\" \/>\n\t<meta property=\"og:image:width\" content=\"800\" \/>\n\t<meta property=\"og:image:height\" content=\"600\" \/>\n\t<meta property=\"og:image:type\" content=\"image\/jpeg\" \/>\n<meta name=\"twitter:card\" content=\"summary_large_image\" \/>\n<meta name=\"twitter:label1\" content=\"Tiempo de lectura\" \/>\n\t<meta name=\"twitter:data1\" content=\"1 minuto\" \/>\n<script type=\"application\/ld+json\" class=\"yoast-schema-graph\">{\"@context\":\"https:\/\/schema.org\",\"@graph\":[{\"@type\":\"WebPage\",\"@id\":\"https:\/\/shadowdigital.es\/divapiscinas\/producto\/diva-scarlett\/\",\"url\":\"https:\/\/shadowdigital.es\/divapiscinas\/producto\/diva-scarlett\/\",\"name\":\"Diva Scarlett - Divapiscinas\",\"isPartOf\":{\"@id\":\"https:\/\/shadowdigital.es\/divapiscinas\/#website\"},\"primaryImageOfPage\":{\"@id\":\"https:\/\/shadowdigital.es\/divapiscinas\/producto\/diva-scarlett\/#primaryimage\"},\"image\":{\"@id\":\"https:\/\/shadowdigital.es\/divapiscinas\/producto\/diva-scarlett\/#primaryimage\"},\"thumbnailUrl\":\"https:\/\/shadowdigital.es\/divapiscinas\/wp-content\/uploads\/2024\/04\/piscina-prefabricada-grande-diva-scarlett_02-800x600-1.jpg\",\"datePublished\":\"2024-04-05T11:02:19+00:00\",\"dateModified\":\"2025-06-02T09:18:01+00:00\",\"breadcrumb\":{\"@id\":\"https:\/\/shadowdigital.es\/divapiscinas\/producto\/diva-scarlett\/#breadcrumb\"},\"inLanguage\":\"es\",\"potentialAction\":[{\"@type\":\"ReadAction\",\"target\":[\"https:\/\/shadowdigital.es\/divapiscinas\/producto\/diva-scarlett\/\"]}]},{\"@type\":\"ImageObject\",\"inLanguage\":\"es\",\"@id\":\"https:\/\/shadowdigital.es\/divapiscinas\/producto\/diva-scarlett\/#primaryimage\",\"url\":\"https:\/\/shadowdigital.es\/divapiscinas\/wp-content\/uploads\/2024\/04\/piscina-prefabricada-grande-diva-scarlett_02-800x600-1.jpg\",\"contentUrl\":\"https:\/\/shadowdigital.es\/divapiscinas\/wp-content\/uploads\/2024\/04\/piscina-prefabricada-grande-diva-scarlett_02-800x600-1.jpg\",\"width\":800,\"height\":600},{\"@type\":\"BreadcrumbList\",\"@id\":\"https:\/\/shadowdigital.es\/divapiscinas\/producto\/diva-scarlett\/#breadcrumb\",\"itemListElement\":[{\"@type\":\"ListItem\",\"position\":1,\"name\":\"Portada\",\"item\":\"https:\/\/shadowdigital.es\/divapiscinas\/\"},{\"@type\":\"ListItem\",\"position\":2,\"name\":\"Tienda online\",\"item\":\"https:\/\/shadowdigital.es\/divapiscinas\/\"},{\"@type\":\"ListItem\",\"position\":3,\"name\":\"Diva Scarlett\"}]},{\"@type\":\"WebSite\",\"@id\":\"https:\/\/shadowdigital.es\/divapiscinas\/#website\",\"url\":\"https:\/\/shadowdigital.es\/divapiscinas\/\",\"name\":\"Divapiscinas\",\"description\":\"Divapiscinas Tienda online\",\"publisher\":{\"@id\":\"https:\/\/shadowdigital.es\/divapiscinas\/#organization\"},\"potentialAction\":[{\"@type\":\"SearchAction\",\"target\":{\"@type\":\"EntryPoint\",\"urlTemplate\":\"https:\/\/shadowdigital.es\/divapiscinas\/?s={search_term_string}\"},\"query-input\":{\"@type\":\"PropertyValueSpecification\",\"valueRequired\":true,\"valueName\":\"search_term_string\"}}],\"inLanguage\":\"es\"},{\"@type\":\"Organization\",\"@id\":\"https:\/\/shadowdigital.es\/divapiscinas\/#organization\",\"name\":\"Diva Piscinas. Fibras y carbonos\",\"alternateName\":\"Diva piscinas\",\"url\":\"https:\/\/shadowdigital.es\/divapiscinas\/\",\"logo\":{\"@type\":\"ImageObject\",\"inLanguage\":\"es\",\"@id\":\"https:\/\/shadowdigital.es\/divapiscinas\/#\/schema\/logo\/image\/\",\"url\":\"https:\/\/shadowdigital.es\/divapiscinas\/wp-content\/uploads\/2024\/04\/cropped-piscinas-DIVA_logo.png\",\"contentUrl\":\"https:\/\/shadowdigital.es\/divapiscinas\/wp-content\/uploads\/2024\/04\/cropped-piscinas-DIVA_logo.png\",\"width\":230,\"height\":112,\"caption\":\"Diva Piscinas. Fibras y carbonos\"},\"image\":{\"@id\":\"https:\/\/shadowdigital.es\/divapiscinas\/#\/schema\/logo\/image\/\"}}]}<\/script>\n<!-- \/ Yoast SEO plugin. -->","yoast_head_json":{"title":"Diva Scarlett - Divapiscinas","robots":{"index":"index","follow":"follow","max-snippet":"max-snippet:-1","max-image-preview":"max-image-preview:large","max-video-preview":"max-video-preview:-1"},"canonical":"https:\/\/shadowdigital.es\/divapiscinas\/producto\/diva-scarlett\/","og_locale":"es_ES","og_type":"article","og_title":"Diva Scarlett - Divapiscinas","og_description":"Precio final: A consultar. Solicitamos un pago por adelantado como Reserva de fecha de instalaci\u00f3n: A consultar De grandes dimensiones y de estilo refinado, esta piscina prefabricada grande se convertir\u00e1 en la pieza maestra de su jard\u00edn o patio grande.  La DIVA Scarlett es una piscina rectangular de estilo romano en la que se accede desde una ampl\u00eda escalera. Su dise\u00f1o cl\u00e1sico seducir\u00e1 a sus invitados m\u00e1s exigentes y contribuir\u00e1 a dar ese toque de elegancia a su jard\u00edn. Por otro lado, su gran tama\u00f1o le permitir\u00e1 realizar un sinf\u00edn de actividades acu\u00e1ticas entre familia y amigos.  Por lo que si est\u00e1 buscando una piscina grande en la que poder nadar y divertirse, adem\u00e1s de un complemento de alto valor a\u00f1adido para su casa, esta piscina prefabricada est\u00e1 hecha para usted.","og_url":"https:\/\/shadowdigital.es\/divapiscinas\/producto\/diva-scarlett\/","og_site_name":"Divapiscinas","article_modified_time":"2025-06-02T09:18:01+00:00","og_image":[{"width":800,"height":600,"url":"https:\/\/shadowdigital.es\/divapiscinas\/wp-content\/uploads\/2024\/04\/piscina-prefabricada-grande-diva-scarlett_02-800x600-1.jpg","type":"image\/jpeg"}],"twitter_card":"summary_large_image","twitter_misc":{"Tiempo de lectura":"1 minuto"},"schema":{"@context":"https:\/\/schema.org","@graph":[{"@type":"WebPage","@id":"https:\/\/shadowdigital.es\/divapiscinas\/producto\/diva-scarlett\/","url":"https:\/\/shadowdigital.es\/divapiscinas\/producto\/diva-scarlett\/","name":"Diva Scarlett - Divapiscinas","isPartOf":{"@id":"https:\/\/shadowdigital.es\/divapiscinas\/#website"},"primaryImageOfPage":{"@id":"https:\/\/shadowdigital.es\/divapiscinas\/producto\/diva-scarlett\/#primaryimage"},"image":{"@id":"https:\/\/shadowdigital.es\/divapiscinas\/producto\/diva-scarlett\/#primaryimage"},"thumbnailUrl":"https:\/\/shadowdigital.es\/divapiscinas\/wp-content\/uploads\/2024\/04\/piscina-prefabricada-grande-diva-scarlett_02-800x600-1.jpg","datePublished":"2024-04-05T11:02:19+00:00","dateModified":"2025-06-02T09:18:01+00:00","breadcrumb":{"@id":"https:\/\/shadowdigital.es\/divapiscinas\/producto\/diva-scarlett\/#breadcrumb"},"inLanguage":"es","potentialAction":[{"@type":"ReadAction","target":["https:\/\/shadowdigital.es\/divapiscinas\/producto\/diva-scarlett\/"]}]},{"@type":"ImageObject","inLanguage":"es","@id":"https:\/\/shadowdigital.es\/divapiscinas\/producto\/diva-scarlett\/#primaryimage","url":"https:\/\/shadowdigital.es\/divapiscinas\/wp-content\/uploads\/2024\/04\/piscina-prefabricada-grande-diva-scarlett_02-800x600-1.jpg","contentUrl":"https:\/\/shadowdigital.es\/divapiscinas\/wp-content\/uploads\/2024\/04\/piscina-prefabricada-grande-diva-scarlett_02-800x600-1.jpg","width":800,"height":600},{"@type":"BreadcrumbList","@id":"https:\/\/shadowdigital.es\/divapiscinas\/producto\/diva-scarlett\/#breadcrumb","itemListElement":[{"@type":"ListItem","position":1,"name":"Portada","item":"https:\/\/shadowdigital.es\/divapiscinas\/"},{"@type":"ListItem","position":2,"name":"Tienda online","item":"https:\/\/shadowdigital.es\/divapiscinas\/"},{"@type":"ListItem","position":3,"name":"Diva Scarlett"}]},{"@type":"WebSite","@id":"https:\/\/shadowdigital.es\/divapiscinas\/#website","url":"https:\/\/shadowdigital.es\/divapiscinas\/","name":"Divapiscinas","description":"Divapiscinas Tienda online","publisher":{"@id":"https:\/\/shadowdigital.es\/divapiscinas\/#organization"},"potentialAction":[{"@type":"SearchAction","target":{"@type":"EntryPoint","urlTemplate":"https:\/\/shadowdigital.es\/divapiscinas\/?s={search_term_string}"},"query-input":{"@type":"PropertyValueSpecification","valueRequired":true,"valueName":"search_term_string"}}],"inLanguage":"es"},{"@type":"Organization","@id":"https:\/\/shadowdigital.es\/divapiscinas\/#organization","name":"Diva Piscinas. Fibras y carbonos","alternateName":"Diva piscinas","url":"https:\/\/shadowdigital.es\/divapiscinas\/","logo":{"@type":"ImageObject","inLanguage":"es","@id":"https:\/\/shadowdigital.es\/divapiscinas\/#\/schema\/logo\/image\/","url":"https:\/\/shadowdigital.es\/divapiscinas\/wp-content\/uploads\/2024\/04\/cropped-piscinas-DIVA_logo.png","contentUrl":"https:\/\/shadowdigital.es\/divapiscinas\/wp-content\/uploads\/2024\/04\/cropped-piscinas-DIVA_logo.png","width":230,"height":112,"caption":"Diva Piscinas. Fibras y carbonos"},"image":{"@id":"https:\/\/shadowdigital.es\/divapiscinas\/#\/schema\/logo\/image\/"}}]}},"jetpack_sharing_enabled":true,"_links":{"self":[{"href":"https:\/\/shadowdigital.es\/divapiscinas\/wp-json\/wp\/v2\/product\/140","targetHints":{"allow":["GET"]}}],"collection":[{"href":"https:\/\/shadowdigital.es\/divapiscinas\/wp-json\/wp\/v2\/product"}],"about":[{"href":"https:\/\/shadowdigital.es\/divapiscinas\/wp-json\/wp\/v2\/types\/product"}],"replies":[{"embeddable":true,"href":"https:\/\/shadowdigital.es\/divapiscinas\/wp-json\/wp\/v2\/comments?post=140"}],"wp:featuredmedia":[{"embeddable":true,"href":"https:\/\/shadowdigital.es\/divapiscinas\/wp-json\/wp\/v2\/media\/142"}],"wp:attachment":[{"href":"https:\/\/shadowdigital.es\/divapiscinas\/wp-json\/wp\/v2\/media?parent=140"}],"wp:term":[{"taxonomy":"product_brand","embeddable":true,"href":"https:\/\/shadowdigital.es\/divapiscinas\/wp-json\/wp\/v2\/product_brand?post=140"},{"taxonomy":"product_cat","embeddable":true,"href":"https:\/\/shadowdigital.es\/divapiscinas\/wp-json\/wp\/v2\/product_cat?post=140"},{"taxonomy":"product_tag","embeddable":true,"href":"https:\/\/shadowdigital.es\/divapiscinas\/wp-json\/wp\/v2\/product_tag?post=140"}],"curies":[{"name":"wp","href":"https:\/\/api.w.org\/{rel}","templated":true}]}}