{"id":137,"date":"2024-04-05T11:01:09","date_gmt":"2024-04-05T11:01:09","guid":{"rendered":"https:\/\/shadowdigital.es\/divapiscinas\/?post_type=product&#038;p=137"},"modified":"2025-06-02T09:33:06","modified_gmt":"2025-06-02T09:33:06","slug":"diva-jimena","status":"publish","type":"product","link":"https:\/\/shadowdigital.es\/divapiscinas\/producto\/diva-jimena\/","title":{"rendered":"Diva Jimena"},"content":{"rendered":"<div id=\"descripcion\" class=\"elementor-element elementor-element-71deebf titulo style-a size-2 elementor-widget elementor-widget-heading\" data-id=\"71deebf\" data-element_type=\"widget\" data-widget_type=\"heading.default\">\n<div class=\"elementor-widget-container\">\n<h2 class=\"elementor-heading-title elementor-size-default\">Descripci\u00f3n de la piscina de estilo romano<\/h2>\n<\/div>\n<\/div>\n<section class=\"elementor-section elementor-inner-section elementor-element elementor-element-3481222 elementor-section-full_width elementor-section-height-default elementor-section-height-default\" data-id=\"3481222\" data-element_type=\"section\">\n<div class=\"elementor-container elementor-column-gap-no\">\n<div class=\"elementor-row\">\n<div class=\"elementor-column elementor-col-50 elementor-inner-column elementor-element elementor-element-47bc765\" data-id=\"47bc765\" data-element_type=\"column\">\n<div class=\"elementor-column-wrap elementor-element-populated\">\n<div class=\"elementor-widget-wrap\">\n<div class=\"elementor-element elementor-element-6adc690 config-text articulo elementor-widget elementor-widget-shortcode\" data-id=\"6adc690\" data-element_type=\"widget\" data-widget_type=\"shortcode.default\">\n<div class=\"elementor-widget-container\">\n<div class=\"elementor-shortcode\">\n<div class=\"config-text articulo\">\n<p>\u00a1Impresionante! \u00c9sta ser\u00eda la palabra que elegir\u00edamos para retratar a esta <strong>piscina de tama\u00f1o grande<\/strong>. En efecto, tanto por su dise\u00f1o, sus dimensiones y su funcionalidad, esta piscina de estilo romano dejar\u00e1 boquiabierta a m\u00e1s de uno. Ideal para jardines o patios amplios, esta <strong>piscina grande de poli\u00e9ster reforzado<\/strong> ofrece prestaciones inusuales.<\/p>\n<h3>Grandes dimensiones<\/h3>\n<p>Lo m\u00e1s notable de este <strong>modelo grande de piscina<\/strong> son sus medidas excepcionales. Con casi 10 metros de longitud, esta piscina le permite nadar c\u00f3modamente, reencontrarse con toda su familia e invitar a sus amigos para disfrutar de una tarde soleada o ofrecer un confort \u00f3ptimo a los hu\u00e9spedes y clientes de su negocio.<\/p>\n<h3>Piscina de dise\u00f1o imperial<\/h3>\n<p>Las formas cl\u00e1sicas de esta piscina de estilo romano dar\u00e1n un toque imperial a su jard\u00edn. La simetr\u00eda de su dise\u00f1o, la escalera de acceso en semic\u00edrculo y las esquinas biseladas transmiten una sensaci\u00f3n de elegancia y poder\u00edo. En definitiva, esta <strong>piscina grande de poli\u00e9ster<\/strong>\u00a0se disfruta tanto observ\u00e1ndola que d\u00e1ndose un ba\u00f1o.<\/p>\n<h3>Fondo en pendiente<\/h3>\n<p>Para variar los placeres, el <strong>fondo en pendiente de la piscina<\/strong> ofrece dos profundidades distintas. Desde un metro en un extremo para los m\u00e1s peque\u00f1os y hasta 2 metros en otro extremo para poder sumergirse y saltar en la piscina sin riesgo ninguno. Por otra parte, todos los lados de la piscina incluyen pelda\u00f1os para permitir el descanso.<\/p>\n<h3>Precio final: A consultar<\/h3>\n<p>Si deseas tener tu piscina instalada para una fecha determinada necesitamos una se\u00f1al por adelantado a descontar del precio final a modo de de RESERVA.<\/p>\n<p>Te llamamos para los detalles que tienes en mente. <a role=\"link\" href=\"https:\/\/mediafiles.botpress.cloud\/2c4ca6ca-d5ce-494f-b9c0-1371a2de4441\/webchat\/bot.html\">Pulsa AQU\u00cd y quedamos<\/a><\/p>\n<p>Tambi\u00e9n puedes llamar directamente, en horario de oficina, al <a class=\"goto-telefono\" role=\"link\" href=\"tel:+34622224435\">622 22 44 35<\/a><\/p>\n<p>\u00a1Transforma tu patio trasero en un para\u00edso acu\u00e1tico con nuestra Piscina Autopotante Elevada! Ord\u00e9nala ahora y disfruta de d\u00edas de diversi\u00f3n bajo el sol y noches m\u00e1gicas bajo las estrellas.<\/p>\n<p>&nbsp;<\/p>\n<\/div>\n<\/div>\n<\/div>\n<\/div>\n<\/div>\n<\/div>\n<\/div>\n<\/div>\n<\/div>\n<\/section>\n","protected":false},"excerpt":{"rendered":"<h3>Precio final: A consultar.<\/h3>\n<h3>Solicitamos un pago por adelantado como Reserva de fecha de instalaci\u00f3n: A consultar<\/h3>\n<p>Si est\u00e1 buscando una <strong>piscina grande<\/strong> que causar\u00e1 el mayor efecto en su jard\u00edn o patio grande, la <strong>piscina de estilo romano <em>DIVA Jimena<\/em><\/strong> est\u00e1 hecha para usted.<\/p>\n<p>Por un lado, su escalera en semic\u00edrculo y sus l\u00edneas tradicionales no dejar\u00e1n indiferente a nadie. Por otro, sus dimensiones generosas convertir\u00e1n a esta <strong>piscina prefabricada grande<\/strong> en un espacio privilegiado d\u00f3nde reunirse con toda la familia y amigos.<\/p>\n<p>Lo habr\u00e1 entendido, esta <strong>piscina de gran tama\u00f1o<\/strong> y de dise\u00f1o atemporal es todo un cl\u00e1sico que maravillar\u00e1 hasta a los m\u00e1s exigentes.<\/p>\n","protected":false},"featured_media":139,"comment_status":"open","ping_status":"closed","template":"","meta":{"pagelayer_contact_templates":[],"_pagelayer_content":""},"product_brand":[],"product_cat":[31],"product_tag":[],"class_list":{"0":"post-137","1":"product","2":"type-product","3":"status-publish","4":"has-post-thumbnail","6":"product_cat-piscina-grande-de-estilo-romano","8":"first","9":"instock","10":"virtual","11":"taxable","12":"product-type-simple"},"yoast_head":"<!-- This site is optimized with the Yoast SEO plugin v26.9 - https:\/\/yoast.com\/product\/yoast-seo-wordpress\/ -->\n<title>Diva Jimena - Divapiscinas<\/title>\n<meta name=\"robots\" content=\"index, follow, max-snippet:-1, max-image-preview:large, max-video-preview:-1\" \/>\n<link rel=\"canonical\" href=\"https:\/\/shadowdigital.es\/divapiscinas\/producto\/diva-jimena\/\" \/>\n<meta property=\"og:locale\" content=\"es_ES\" \/>\n<meta property=\"og:type\" content=\"article\" \/>\n<meta property=\"og:title\" content=\"Diva Jimena - Divapiscinas\" \/>\n<meta property=\"og:description\" content=\"Precio final: A consultar. Solicitamos un pago por adelantado como Reserva de fecha de instalaci\u00f3n: A consultar Si est\u00e1 buscando una piscina grande que causar\u00e1 el mayor efecto en su jard\u00edn o patio grande, la piscina de estilo romano DIVA Jimena est\u00e1 hecha para usted.  Por un lado, su escalera en semic\u00edrculo y sus l\u00edneas tradicionales no dejar\u00e1n indiferente a nadie. Por otro, sus dimensiones generosas convertir\u00e1n a esta piscina prefabricada grande en un espacio privilegiado d\u00f3nde reunirse con toda la familia y amigos.  Lo habr\u00e1 entendido, esta piscina de gran tama\u00f1o y de dise\u00f1o atemporal es todo un cl\u00e1sico que maravillar\u00e1 hasta a los m\u00e1s exigentes.\" \/>\n<meta property=\"og:url\" content=\"https:\/\/shadowdigital.es\/divapiscinas\/producto\/diva-jimena\/\" \/>\n<meta property=\"og:site_name\" content=\"Divapiscinas\" \/>\n<meta property=\"article:modified_time\" content=\"2025-06-02T09:33:06+00:00\" \/>\n<meta property=\"og:image\" content=\"https:\/\/shadowdigital.es\/divapiscinas\/wp-content\/uploads\/2024\/04\/piscina-grande-estilo-romano-diva-jimena_02-1-800x600-1.jpg\" \/>\n\t<meta property=\"og:image:width\" content=\"800\" \/>\n\t<meta property=\"og:image:height\" content=\"600\" \/>\n\t<meta property=\"og:image:type\" content=\"image\/jpeg\" \/>\n<meta name=\"twitter:card\" content=\"summary_large_image\" \/>\n<meta name=\"twitter:label1\" content=\"Tiempo de lectura\" \/>\n\t<meta name=\"twitter:data1\" content=\"1 minuto\" \/>\n<script type=\"application\/ld+json\" class=\"yoast-schema-graph\">{\"@context\":\"https:\/\/schema.org\",\"@graph\":[{\"@type\":\"WebPage\",\"@id\":\"https:\/\/shadowdigital.es\/divapiscinas\/producto\/diva-jimena\/\",\"url\":\"https:\/\/shadowdigital.es\/divapiscinas\/producto\/diva-jimena\/\",\"name\":\"Diva Jimena - Divapiscinas\",\"isPartOf\":{\"@id\":\"https:\/\/shadowdigital.es\/divapiscinas\/#website\"},\"primaryImageOfPage\":{\"@id\":\"https:\/\/shadowdigital.es\/divapiscinas\/producto\/diva-jimena\/#primaryimage\"},\"image\":{\"@id\":\"https:\/\/shadowdigital.es\/divapiscinas\/producto\/diva-jimena\/#primaryimage\"},\"thumbnailUrl\":\"https:\/\/shadowdigital.es\/divapiscinas\/wp-content\/uploads\/2024\/04\/piscina-grande-estilo-romano-diva-jimena_02-1-800x600-1.jpg\",\"datePublished\":\"2024-04-05T11:01:09+00:00\",\"dateModified\":\"2025-06-02T09:33:06+00:00\",\"breadcrumb\":{\"@id\":\"https:\/\/shadowdigital.es\/divapiscinas\/producto\/diva-jimena\/#breadcrumb\"},\"inLanguage\":\"es\",\"potentialAction\":[{\"@type\":\"ReadAction\",\"target\":[\"https:\/\/shadowdigital.es\/divapiscinas\/producto\/diva-jimena\/\"]}]},{\"@type\":\"ImageObject\",\"inLanguage\":\"es\",\"@id\":\"https:\/\/shadowdigital.es\/divapiscinas\/producto\/diva-jimena\/#primaryimage\",\"url\":\"https:\/\/shadowdigital.es\/divapiscinas\/wp-content\/uploads\/2024\/04\/piscina-grande-estilo-romano-diva-jimena_02-1-800x600-1.jpg\",\"contentUrl\":\"https:\/\/shadowdigital.es\/divapiscinas\/wp-content\/uploads\/2024\/04\/piscina-grande-estilo-romano-diva-jimena_02-1-800x600-1.jpg\",\"width\":800,\"height\":600},{\"@type\":\"BreadcrumbList\",\"@id\":\"https:\/\/shadowdigital.es\/divapiscinas\/producto\/diva-jimena\/#breadcrumb\",\"itemListElement\":[{\"@type\":\"ListItem\",\"position\":1,\"name\":\"Portada\",\"item\":\"https:\/\/shadowdigital.es\/divapiscinas\/\"},{\"@type\":\"ListItem\",\"position\":2,\"name\":\"Tienda online\",\"item\":\"https:\/\/shadowdigital.es\/divapiscinas\/\"},{\"@type\":\"ListItem\",\"position\":3,\"name\":\"Diva Jimena\"}]},{\"@type\":\"WebSite\",\"@id\":\"https:\/\/shadowdigital.es\/divapiscinas\/#website\",\"url\":\"https:\/\/shadowdigital.es\/divapiscinas\/\",\"name\":\"Divapiscinas\",\"description\":\"Divapiscinas Tienda online\",\"publisher\":{\"@id\":\"https:\/\/shadowdigital.es\/divapiscinas\/#organization\"},\"potentialAction\":[{\"@type\":\"SearchAction\",\"target\":{\"@type\":\"EntryPoint\",\"urlTemplate\":\"https:\/\/shadowdigital.es\/divapiscinas\/?s={search_term_string}\"},\"query-input\":{\"@type\":\"PropertyValueSpecification\",\"valueRequired\":true,\"valueName\":\"search_term_string\"}}],\"inLanguage\":\"es\"},{\"@type\":\"Organization\",\"@id\":\"https:\/\/shadowdigital.es\/divapiscinas\/#organization\",\"name\":\"Diva Piscinas. Fibras y carbonos\",\"alternateName\":\"Diva piscinas\",\"url\":\"https:\/\/shadowdigital.es\/divapiscinas\/\",\"logo\":{\"@type\":\"ImageObject\",\"inLanguage\":\"es\",\"@id\":\"https:\/\/shadowdigital.es\/divapiscinas\/#\/schema\/logo\/image\/\",\"url\":\"https:\/\/shadowdigital.es\/divapiscinas\/wp-content\/uploads\/2024\/04\/cropped-piscinas-DIVA_logo.png\",\"contentUrl\":\"https:\/\/shadowdigital.es\/divapiscinas\/wp-content\/uploads\/2024\/04\/cropped-piscinas-DIVA_logo.png\",\"width\":230,\"height\":112,\"caption\":\"Diva Piscinas. Fibras y carbonos\"},\"image\":{\"@id\":\"https:\/\/shadowdigital.es\/divapiscinas\/#\/schema\/logo\/image\/\"}}]}<\/script>\n<!-- \/ Yoast SEO plugin. -->","yoast_head_json":{"title":"Diva Jimena - Divapiscinas","robots":{"index":"index","follow":"follow","max-snippet":"max-snippet:-1","max-image-preview":"max-image-preview:large","max-video-preview":"max-video-preview:-1"},"canonical":"https:\/\/shadowdigital.es\/divapiscinas\/producto\/diva-jimena\/","og_locale":"es_ES","og_type":"article","og_title":"Diva Jimena - Divapiscinas","og_description":"Precio final: A consultar. Solicitamos un pago por adelantado como Reserva de fecha de instalaci\u00f3n: A consultar Si est\u00e1 buscando una piscina grande que causar\u00e1 el mayor efecto en su jard\u00edn o patio grande, la piscina de estilo romano DIVA Jimena est\u00e1 hecha para usted.  Por un lado, su escalera en semic\u00edrculo y sus l\u00edneas tradicionales no dejar\u00e1n indiferente a nadie. Por otro, sus dimensiones generosas convertir\u00e1n a esta piscina prefabricada grande en un espacio privilegiado d\u00f3nde reunirse con toda la familia y amigos.  Lo habr\u00e1 entendido, esta piscina de gran tama\u00f1o y de dise\u00f1o atemporal es todo un cl\u00e1sico que maravillar\u00e1 hasta a los m\u00e1s exigentes.","og_url":"https:\/\/shadowdigital.es\/divapiscinas\/producto\/diva-jimena\/","og_site_name":"Divapiscinas","article_modified_time":"2025-06-02T09:33:06+00:00","og_image":[{"width":800,"height":600,"url":"https:\/\/shadowdigital.es\/divapiscinas\/wp-content\/uploads\/2024\/04\/piscina-grande-estilo-romano-diva-jimena_02-1-800x600-1.jpg","type":"image\/jpeg"}],"twitter_card":"summary_large_image","twitter_misc":{"Tiempo de lectura":"1 minuto"},"schema":{"@context":"https:\/\/schema.org","@graph":[{"@type":"WebPage","@id":"https:\/\/shadowdigital.es\/divapiscinas\/producto\/diva-jimena\/","url":"https:\/\/shadowdigital.es\/divapiscinas\/producto\/diva-jimena\/","name":"Diva Jimena - Divapiscinas","isPartOf":{"@id":"https:\/\/shadowdigital.es\/divapiscinas\/#website"},"primaryImageOfPage":{"@id":"https:\/\/shadowdigital.es\/divapiscinas\/producto\/diva-jimena\/#primaryimage"},"image":{"@id":"https:\/\/shadowdigital.es\/divapiscinas\/producto\/diva-jimena\/#primaryimage"},"thumbnailUrl":"https:\/\/shadowdigital.es\/divapiscinas\/wp-content\/uploads\/2024\/04\/piscina-grande-estilo-romano-diva-jimena_02-1-800x600-1.jpg","datePublished":"2024-04-05T11:01:09+00:00","dateModified":"2025-06-02T09:33:06+00:00","breadcrumb":{"@id":"https:\/\/shadowdigital.es\/divapiscinas\/producto\/diva-jimena\/#breadcrumb"},"inLanguage":"es","potentialAction":[{"@type":"ReadAction","target":["https:\/\/shadowdigital.es\/divapiscinas\/producto\/diva-jimena\/"]}]},{"@type":"ImageObject","inLanguage":"es","@id":"https:\/\/shadowdigital.es\/divapiscinas\/producto\/diva-jimena\/#primaryimage","url":"https:\/\/shadowdigital.es\/divapiscinas\/wp-content\/uploads\/2024\/04\/piscina-grande-estilo-romano-diva-jimena_02-1-800x600-1.jpg","contentUrl":"https:\/\/shadowdigital.es\/divapiscinas\/wp-content\/uploads\/2024\/04\/piscina-grande-estilo-romano-diva-jimena_02-1-800x600-1.jpg","width":800,"height":600},{"@type":"BreadcrumbList","@id":"https:\/\/shadowdigital.es\/divapiscinas\/producto\/diva-jimena\/#breadcrumb","itemListElement":[{"@type":"ListItem","position":1,"name":"Portada","item":"https:\/\/shadowdigital.es\/divapiscinas\/"},{"@type":"ListItem","position":2,"name":"Tienda online","item":"https:\/\/shadowdigital.es\/divapiscinas\/"},{"@type":"ListItem","position":3,"name":"Diva Jimena"}]},{"@type":"WebSite","@id":"https:\/\/shadowdigital.es\/divapiscinas\/#website","url":"https:\/\/shadowdigital.es\/divapiscinas\/","name":"Divapiscinas","description":"Divapiscinas Tienda online","publisher":{"@id":"https:\/\/shadowdigital.es\/divapiscinas\/#organization"},"potentialAction":[{"@type":"SearchAction","target":{"@type":"EntryPoint","urlTemplate":"https:\/\/shadowdigital.es\/divapiscinas\/?s={search_term_string}"},"query-input":{"@type":"PropertyValueSpecification","valueRequired":true,"valueName":"search_term_string"}}],"inLanguage":"es"},{"@type":"Organization","@id":"https:\/\/shadowdigital.es\/divapiscinas\/#organization","name":"Diva Piscinas. Fibras y carbonos","alternateName":"Diva piscinas","url":"https:\/\/shadowdigital.es\/divapiscinas\/","logo":{"@type":"ImageObject","inLanguage":"es","@id":"https:\/\/shadowdigital.es\/divapiscinas\/#\/schema\/logo\/image\/","url":"https:\/\/shadowdigital.es\/divapiscinas\/wp-content\/uploads\/2024\/04\/cropped-piscinas-DIVA_logo.png","contentUrl":"https:\/\/shadowdigital.es\/divapiscinas\/wp-content\/uploads\/2024\/04\/cropped-piscinas-DIVA_logo.png","width":230,"height":112,"caption":"Diva Piscinas. Fibras y carbonos"},"image":{"@id":"https:\/\/shadowdigital.es\/divapiscinas\/#\/schema\/logo\/image\/"}}]}},"jetpack_sharing_enabled":true,"_links":{"self":[{"href":"https:\/\/shadowdigital.es\/divapiscinas\/wp-json\/wp\/v2\/product\/137","targetHints":{"allow":["GET"]}}],"collection":[{"href":"https:\/\/shadowdigital.es\/divapiscinas\/wp-json\/wp\/v2\/product"}],"about":[{"href":"https:\/\/shadowdigital.es\/divapiscinas\/wp-json\/wp\/v2\/types\/product"}],"replies":[{"embeddable":true,"href":"https:\/\/shadowdigital.es\/divapiscinas\/wp-json\/wp\/v2\/comments?post=137"}],"wp:featuredmedia":[{"embeddable":true,"href":"https:\/\/shadowdigital.es\/divapiscinas\/wp-json\/wp\/v2\/media\/139"}],"wp:attachment":[{"href":"https:\/\/shadowdigital.es\/divapiscinas\/wp-json\/wp\/v2\/media?parent=137"}],"wp:term":[{"taxonomy":"product_brand","embeddable":true,"href":"https:\/\/shadowdigital.es\/divapiscinas\/wp-json\/wp\/v2\/product_brand?post=137"},{"taxonomy":"product_cat","embeddable":true,"href":"https:\/\/shadowdigital.es\/divapiscinas\/wp-json\/wp\/v2\/product_cat?post=137"},{"taxonomy":"product_tag","embeddable":true,"href":"https:\/\/shadowdigital.es\/divapiscinas\/wp-json\/wp\/v2\/product_tag?post=137"}],"curies":[{"name":"wp","href":"https:\/\/api.w.org\/{rel}","templated":true}]}}