{"id":133,"date":"2024-04-05T10:55:28","date_gmt":"2024-04-05T10:55:28","guid":{"rendered":"https:\/\/shadowdigital.es\/divapiscinas\/?post_type=product&#038;p=133"},"modified":"2025-06-02T09:22:24","modified_gmt":"2025-06-02T09:22:24","slug":"diva-kora","status":"publish","type":"product","link":"https:\/\/shadowdigital.es\/divapiscinas\/producto\/diva-kora\/","title":{"rendered":"Diva Kora"},"content":{"rendered":"<div id=\"descripcion\" class=\"elementor-element elementor-element-71deebf titulo style-a size-2 elementor-widget elementor-widget-heading\" data-id=\"71deebf\" data-element_type=\"widget\" data-widget_type=\"heading.default\">\n<div class=\"elementor-widget-container\">\n<h2 class=\"elementor-heading-title elementor-size-default\">Descripci\u00f3n de la piscina en forma de ri\u00f1\u00f3n<\/h2>\n<\/div>\n<\/div>\n<section class=\"elementor-section elementor-inner-section elementor-element elementor-element-3481222 elementor-section-full_width elementor-section-height-default elementor-section-height-default\" data-id=\"3481222\" data-element_type=\"section\">\n<div class=\"elementor-container elementor-column-gap-no\">\n<div class=\"elementor-row\">\n<div class=\"elementor-column elementor-col-50 elementor-inner-column elementor-element elementor-element-47bc765\" data-id=\"47bc765\" data-element_type=\"column\">\n<div class=\"elementor-column-wrap elementor-element-populated\">\n<div class=\"elementor-widget-wrap\">\n<div class=\"elementor-element elementor-element-6adc690 config-text articulo elementor-widget elementor-widget-shortcode\" data-id=\"6adc690\" data-element_type=\"widget\" data-widget_type=\"shortcode.default\">\n<div class=\"elementor-widget-container\">\n<div class=\"elementor-shortcode\">\n<div class=\"config-text articulo\">\n<p>Vers\u00e1til, moderna y original, la piscina ri\u00f1\u00f3n <em>DIVA Kora<\/em> le convencer\u00e1 no solo por su dise\u00f1o atractivo, sino tambi\u00e9n por la variedad de actividades que le permitir\u00e1 realizar.<\/p>\n<h3>Dise\u00f1o original<\/h3>\n<p>Lo que m\u00e1s seduce de esta piscina en forma de ri\u00f1\u00f3n son sus l\u00edneas suaves, redondeadas y atemporales. Sus formas curvil\u00edneas evocan al placer y, con tan solo verla, se sentir\u00e1 con ganas de darse un chapuz\u00f3n. Lo habr\u00e1 entendido, m\u00e1s que cualquier otro modelo, esta piscina se convertir\u00e1 en s\u00edmbolo de disfrute en su jard\u00edn, patio o terraza.<\/p>\n<h3>Espacio para el ba\u00f1o optimizado<\/h3>\n<p>Esta piscina ri\u00f1\u00f3n incorpora una escalera de acceso dise\u00f1ada para ocupar poco espacio. De este modo, se dispone de toda la superficie para el ba\u00f1o, el juego e incluso la relajaci\u00f3n. Con casi 8 metros de longitud, la <em>DIVA Kora<\/em> se convertir\u00e1 en una excusa perfecta para reunirse en familia o entre amigos.<\/p>\n<h3>F\u00e1cil de cubrir<\/h3>\n<p>No piense que sus formas originales le impedir\u00e1 colocar una cubierta para tapar esta piscina ri\u00f1\u00f3n. En efecto, su escalera integrada permite que la lona cubra la piscina sin ninguna dificultad.<\/p>\n<h3>Precio final: A consultar<\/h3>\n<p>Si deseas tener tu piscina instalada para una fecha determinada necesitamos una se\u00f1al por adelantado a descontar del precio final a modo de de RESERVA.<\/p>\n<p>Tambi\u00e9n puedes llamar directamente, en horario de oficina, al <a class=\"goto-telefono\" role=\"link\" href=\"tel:+34622224435\">622 22 44 35<\/a><\/p>\n<p>Te llamamos para los detalles que tienes en mente. <a role=\"link\" href=\"https:\/\/mediafiles.botpress.cloud\/2c4ca6ca-d5ce-494f-b9c0-1371a2de4441\/webchat\/bot.html\">Pulsa AQU\u00cd y quedamos<\/a><\/p>\n<p>\u00a1Transforma tu patio trasero en un para\u00edso acu\u00e1tico con nuestra Piscina Autopotante Elevada! Ord\u00e9nala ahora y disfruta de d\u00edas de diversi\u00f3n bajo el sol y noches m\u00e1gicas bajo las estrellas.<\/p>\n<\/div>\n<\/div>\n<\/div>\n<\/div>\n<\/div>\n<\/div>\n<\/div>\n<\/div>\n<\/div>\n<\/section>\n","protected":false},"excerpt":{"rendered":"<h3>Precio final: A consultar.<\/h3>\n<h3>Solicitamos un pago por adelantado como Reserva de fecha de instalaci\u00f3n: A consultar<\/h3>\n<p>D\u00e9jese convencer por las curvas y la originalidad de la piscina en forma de ri\u00f1\u00f3n DIVA Kora. Sus formas redondeadas le enamorar\u00e1n y brindar\u00e1n personalidad al entorno.<\/p>\n<p>Tal y como su nombre indica, esta piscina prefabricada de poli\u00e9ster se parece a un ri\u00f1\u00f3n y sus l\u00edneas suaves no incorporan ning\u00fan \u00e1ngulos salientes. De tama\u00f1o medio, esta piscina ri\u00f1\u00f3n es f\u00e1cil de instalar y es ideal para un jard\u00edn, un patio o una terraza.<\/p>\n","protected":false},"featured_media":135,"comment_status":"open","ping_status":"closed","template":"","meta":{"pagelayer_contact_templates":[],"_pagelayer_content":""},"product_brand":[],"product_cat":[27],"product_tag":[],"class_list":{"0":"post-133","1":"product","2":"type-product","3":"status-publish","4":"has-post-thumbnail","6":"product_cat-piscinas-rinon","8":"first","9":"instock","10":"virtual","11":"taxable","12":"product-type-simple"},"yoast_head":"<!-- This site is optimized with the Yoast SEO plugin v26.9 - https:\/\/yoast.com\/product\/yoast-seo-wordpress\/ -->\n<title>Diva Kora - Divapiscinas<\/title>\n<meta name=\"robots\" content=\"index, follow, max-snippet:-1, max-image-preview:large, max-video-preview:-1\" \/>\n<link rel=\"canonical\" href=\"https:\/\/shadowdigital.es\/divapiscinas\/producto\/diva-kora\/\" \/>\n<meta property=\"og:locale\" content=\"es_ES\" \/>\n<meta property=\"og:type\" content=\"article\" \/>\n<meta property=\"og:title\" content=\"Diva Kora - Divapiscinas\" \/>\n<meta property=\"og:description\" content=\"Precio final: A consultar. Solicitamos un pago por adelantado como Reserva de fecha de instalaci\u00f3n: A consultar D\u00e9jese convencer por las curvas y la originalidad de la piscina en forma de ri\u00f1\u00f3n DIVA Kora. Sus formas redondeadas le enamorar\u00e1n y brindar\u00e1n personalidad al entorno.  Tal y como su nombre indica, esta piscina prefabricada de poli\u00e9ster se parece a un ri\u00f1\u00f3n y sus l\u00edneas suaves no incorporan ning\u00fan \u00e1ngulos salientes. De tama\u00f1o medio, esta piscina ri\u00f1\u00f3n es f\u00e1cil de instalar y es ideal para un jard\u00edn, un patio o una terraza.\" \/>\n<meta property=\"og:url\" content=\"https:\/\/shadowdigital.es\/divapiscinas\/producto\/diva-kora\/\" \/>\n<meta property=\"og:site_name\" content=\"Divapiscinas\" \/>\n<meta property=\"article:modified_time\" content=\"2025-06-02T09:22:24+00:00\" \/>\n<meta property=\"og:image\" content=\"https:\/\/shadowdigital.es\/divapiscinas\/wp-content\/uploads\/2024\/04\/piscina-rinon-diva-kora_02-800x600-1.jpg\" \/>\n\t<meta property=\"og:image:width\" content=\"800\" \/>\n\t<meta property=\"og:image:height\" content=\"600\" \/>\n\t<meta property=\"og:image:type\" content=\"image\/jpeg\" \/>\n<meta name=\"twitter:card\" content=\"summary_large_image\" \/>\n<meta name=\"twitter:label1\" content=\"Tiempo de lectura\" \/>\n\t<meta name=\"twitter:data1\" content=\"1 minuto\" \/>\n<script type=\"application\/ld+json\" class=\"yoast-schema-graph\">{\"@context\":\"https:\/\/schema.org\",\"@graph\":[{\"@type\":\"WebPage\",\"@id\":\"https:\/\/shadowdigital.es\/divapiscinas\/producto\/diva-kora\/\",\"url\":\"https:\/\/shadowdigital.es\/divapiscinas\/producto\/diva-kora\/\",\"name\":\"Diva Kora - Divapiscinas\",\"isPartOf\":{\"@id\":\"https:\/\/shadowdigital.es\/divapiscinas\/#website\"},\"primaryImageOfPage\":{\"@id\":\"https:\/\/shadowdigital.es\/divapiscinas\/producto\/diva-kora\/#primaryimage\"},\"image\":{\"@id\":\"https:\/\/shadowdigital.es\/divapiscinas\/producto\/diva-kora\/#primaryimage\"},\"thumbnailUrl\":\"https:\/\/shadowdigital.es\/divapiscinas\/wp-content\/uploads\/2024\/04\/piscina-rinon-diva-kora_02-800x600-1.jpg\",\"datePublished\":\"2024-04-05T10:55:28+00:00\",\"dateModified\":\"2025-06-02T09:22:24+00:00\",\"breadcrumb\":{\"@id\":\"https:\/\/shadowdigital.es\/divapiscinas\/producto\/diva-kora\/#breadcrumb\"},\"inLanguage\":\"es\",\"potentialAction\":[{\"@type\":\"ReadAction\",\"target\":[\"https:\/\/shadowdigital.es\/divapiscinas\/producto\/diva-kora\/\"]}]},{\"@type\":\"ImageObject\",\"inLanguage\":\"es\",\"@id\":\"https:\/\/shadowdigital.es\/divapiscinas\/producto\/diva-kora\/#primaryimage\",\"url\":\"https:\/\/shadowdigital.es\/divapiscinas\/wp-content\/uploads\/2024\/04\/piscina-rinon-diva-kora_02-800x600-1.jpg\",\"contentUrl\":\"https:\/\/shadowdigital.es\/divapiscinas\/wp-content\/uploads\/2024\/04\/piscina-rinon-diva-kora_02-800x600-1.jpg\",\"width\":800,\"height\":600},{\"@type\":\"BreadcrumbList\",\"@id\":\"https:\/\/shadowdigital.es\/divapiscinas\/producto\/diva-kora\/#breadcrumb\",\"itemListElement\":[{\"@type\":\"ListItem\",\"position\":1,\"name\":\"Portada\",\"item\":\"https:\/\/shadowdigital.es\/divapiscinas\/\"},{\"@type\":\"ListItem\",\"position\":2,\"name\":\"Tienda online\",\"item\":\"https:\/\/shadowdigital.es\/divapiscinas\/\"},{\"@type\":\"ListItem\",\"position\":3,\"name\":\"Diva Kora\"}]},{\"@type\":\"WebSite\",\"@id\":\"https:\/\/shadowdigital.es\/divapiscinas\/#website\",\"url\":\"https:\/\/shadowdigital.es\/divapiscinas\/\",\"name\":\"Divapiscinas\",\"description\":\"Divapiscinas Tienda online\",\"publisher\":{\"@id\":\"https:\/\/shadowdigital.es\/divapiscinas\/#organization\"},\"potentialAction\":[{\"@type\":\"SearchAction\",\"target\":{\"@type\":\"EntryPoint\",\"urlTemplate\":\"https:\/\/shadowdigital.es\/divapiscinas\/?s={search_term_string}\"},\"query-input\":{\"@type\":\"PropertyValueSpecification\",\"valueRequired\":true,\"valueName\":\"search_term_string\"}}],\"inLanguage\":\"es\"},{\"@type\":\"Organization\",\"@id\":\"https:\/\/shadowdigital.es\/divapiscinas\/#organization\",\"name\":\"Diva Piscinas. Fibras y carbonos\",\"alternateName\":\"Diva piscinas\",\"url\":\"https:\/\/shadowdigital.es\/divapiscinas\/\",\"logo\":{\"@type\":\"ImageObject\",\"inLanguage\":\"es\",\"@id\":\"https:\/\/shadowdigital.es\/divapiscinas\/#\/schema\/logo\/image\/\",\"url\":\"https:\/\/shadowdigital.es\/divapiscinas\/wp-content\/uploads\/2024\/04\/cropped-piscinas-DIVA_logo.png\",\"contentUrl\":\"https:\/\/shadowdigital.es\/divapiscinas\/wp-content\/uploads\/2024\/04\/cropped-piscinas-DIVA_logo.png\",\"width\":230,\"height\":112,\"caption\":\"Diva Piscinas. Fibras y carbonos\"},\"image\":{\"@id\":\"https:\/\/shadowdigital.es\/divapiscinas\/#\/schema\/logo\/image\/\"}}]}<\/script>\n<!-- \/ Yoast SEO plugin. -->","yoast_head_json":{"title":"Diva Kora - Divapiscinas","robots":{"index":"index","follow":"follow","max-snippet":"max-snippet:-1","max-image-preview":"max-image-preview:large","max-video-preview":"max-video-preview:-1"},"canonical":"https:\/\/shadowdigital.es\/divapiscinas\/producto\/diva-kora\/","og_locale":"es_ES","og_type":"article","og_title":"Diva Kora - Divapiscinas","og_description":"Precio final: A consultar. Solicitamos un pago por adelantado como Reserva de fecha de instalaci\u00f3n: A consultar D\u00e9jese convencer por las curvas y la originalidad de la piscina en forma de ri\u00f1\u00f3n DIVA Kora. Sus formas redondeadas le enamorar\u00e1n y brindar\u00e1n personalidad al entorno.  Tal y como su nombre indica, esta piscina prefabricada de poli\u00e9ster se parece a un ri\u00f1\u00f3n y sus l\u00edneas suaves no incorporan ning\u00fan \u00e1ngulos salientes. De tama\u00f1o medio, esta piscina ri\u00f1\u00f3n es f\u00e1cil de instalar y es ideal para un jard\u00edn, un patio o una terraza.","og_url":"https:\/\/shadowdigital.es\/divapiscinas\/producto\/diva-kora\/","og_site_name":"Divapiscinas","article_modified_time":"2025-06-02T09:22:24+00:00","og_image":[{"width":800,"height":600,"url":"https:\/\/shadowdigital.es\/divapiscinas\/wp-content\/uploads\/2024\/04\/piscina-rinon-diva-kora_02-800x600-1.jpg","type":"image\/jpeg"}],"twitter_card":"summary_large_image","twitter_misc":{"Tiempo de lectura":"1 minuto"},"schema":{"@context":"https:\/\/schema.org","@graph":[{"@type":"WebPage","@id":"https:\/\/shadowdigital.es\/divapiscinas\/producto\/diva-kora\/","url":"https:\/\/shadowdigital.es\/divapiscinas\/producto\/diva-kora\/","name":"Diva Kora - Divapiscinas","isPartOf":{"@id":"https:\/\/shadowdigital.es\/divapiscinas\/#website"},"primaryImageOfPage":{"@id":"https:\/\/shadowdigital.es\/divapiscinas\/producto\/diva-kora\/#primaryimage"},"image":{"@id":"https:\/\/shadowdigital.es\/divapiscinas\/producto\/diva-kora\/#primaryimage"},"thumbnailUrl":"https:\/\/shadowdigital.es\/divapiscinas\/wp-content\/uploads\/2024\/04\/piscina-rinon-diva-kora_02-800x600-1.jpg","datePublished":"2024-04-05T10:55:28+00:00","dateModified":"2025-06-02T09:22:24+00:00","breadcrumb":{"@id":"https:\/\/shadowdigital.es\/divapiscinas\/producto\/diva-kora\/#breadcrumb"},"inLanguage":"es","potentialAction":[{"@type":"ReadAction","target":["https:\/\/shadowdigital.es\/divapiscinas\/producto\/diva-kora\/"]}]},{"@type":"ImageObject","inLanguage":"es","@id":"https:\/\/shadowdigital.es\/divapiscinas\/producto\/diva-kora\/#primaryimage","url":"https:\/\/shadowdigital.es\/divapiscinas\/wp-content\/uploads\/2024\/04\/piscina-rinon-diva-kora_02-800x600-1.jpg","contentUrl":"https:\/\/shadowdigital.es\/divapiscinas\/wp-content\/uploads\/2024\/04\/piscina-rinon-diva-kora_02-800x600-1.jpg","width":800,"height":600},{"@type":"BreadcrumbList","@id":"https:\/\/shadowdigital.es\/divapiscinas\/producto\/diva-kora\/#breadcrumb","itemListElement":[{"@type":"ListItem","position":1,"name":"Portada","item":"https:\/\/shadowdigital.es\/divapiscinas\/"},{"@type":"ListItem","position":2,"name":"Tienda online","item":"https:\/\/shadowdigital.es\/divapiscinas\/"},{"@type":"ListItem","position":3,"name":"Diva Kora"}]},{"@type":"WebSite","@id":"https:\/\/shadowdigital.es\/divapiscinas\/#website","url":"https:\/\/shadowdigital.es\/divapiscinas\/","name":"Divapiscinas","description":"Divapiscinas Tienda online","publisher":{"@id":"https:\/\/shadowdigital.es\/divapiscinas\/#organization"},"potentialAction":[{"@type":"SearchAction","target":{"@type":"EntryPoint","urlTemplate":"https:\/\/shadowdigital.es\/divapiscinas\/?s={search_term_string}"},"query-input":{"@type":"PropertyValueSpecification","valueRequired":true,"valueName":"search_term_string"}}],"inLanguage":"es"},{"@type":"Organization","@id":"https:\/\/shadowdigital.es\/divapiscinas\/#organization","name":"Diva Piscinas. Fibras y carbonos","alternateName":"Diva piscinas","url":"https:\/\/shadowdigital.es\/divapiscinas\/","logo":{"@type":"ImageObject","inLanguage":"es","@id":"https:\/\/shadowdigital.es\/divapiscinas\/#\/schema\/logo\/image\/","url":"https:\/\/shadowdigital.es\/divapiscinas\/wp-content\/uploads\/2024\/04\/cropped-piscinas-DIVA_logo.png","contentUrl":"https:\/\/shadowdigital.es\/divapiscinas\/wp-content\/uploads\/2024\/04\/cropped-piscinas-DIVA_logo.png","width":230,"height":112,"caption":"Diva Piscinas. Fibras y carbonos"},"image":{"@id":"https:\/\/shadowdigital.es\/divapiscinas\/#\/schema\/logo\/image\/"}}]}},"jetpack_sharing_enabled":true,"_links":{"self":[{"href":"https:\/\/shadowdigital.es\/divapiscinas\/wp-json\/wp\/v2\/product\/133","targetHints":{"allow":["GET"]}}],"collection":[{"href":"https:\/\/shadowdigital.es\/divapiscinas\/wp-json\/wp\/v2\/product"}],"about":[{"href":"https:\/\/shadowdigital.es\/divapiscinas\/wp-json\/wp\/v2\/types\/product"}],"replies":[{"embeddable":true,"href":"https:\/\/shadowdigital.es\/divapiscinas\/wp-json\/wp\/v2\/comments?post=133"}],"wp:featuredmedia":[{"embeddable":true,"href":"https:\/\/shadowdigital.es\/divapiscinas\/wp-json\/wp\/v2\/media\/135"}],"wp:attachment":[{"href":"https:\/\/shadowdigital.es\/divapiscinas\/wp-json\/wp\/v2\/media?parent=133"}],"wp:term":[{"taxonomy":"product_brand","embeddable":true,"href":"https:\/\/shadowdigital.es\/divapiscinas\/wp-json\/wp\/v2\/product_brand?post=133"},{"taxonomy":"product_cat","embeddable":true,"href":"https:\/\/shadowdigital.es\/divapiscinas\/wp-json\/wp\/v2\/product_cat?post=133"},{"taxonomy":"product_tag","embeddable":true,"href":"https:\/\/shadowdigital.es\/divapiscinas\/wp-json\/wp\/v2\/product_tag?post=133"}],"curies":[{"name":"wp","href":"https:\/\/api.w.org\/{rel}","templated":true}]}}